{"id":77804,"date":"2025-05-02T23:40:08","date_gmt":"2025-05-02T16:40:08","guid":{"rendered":"https:\/\/tivixiaomi.co\/?post_type=product&#038;p=77804"},"modified":"2025-05-24T14:10:47","modified_gmt":"2025-05-24T07:10:47","slug":"xiaomi-tv-a-65-2026-series","status":"publish","type":"product","link":"https:\/\/tivixiaomi.co\/en\/tivi\/xiaomi-tv-a-65-2026-series\/","title":{"rendered":"Xiaomi TV A 65 2026 Series"},"content":{"rendered":"<p>Xiaomi TV A 65 2026 l\u00e0 chi\u1ebfc tivi ho\u00e0n h\u1ea3o cho nh\u1eefng ai y\u00eau th\u00edch tr\u1ea3i nghi\u1ec7m h\u00ecnh \u1ea3nh s\u1eafc n\u00e9t v\u00e0 \u00e2m thanh s\u1ed1ng \u0111\u1ed9ng. V\u1edbi m\u00e0n h\u00ecnh 4K b\u1ea3o v\u1ec7 m\u1eaft v\u00e0 c\u00f4ng ngh\u1ec7 HDR, b\u1ea1n s\u1ebd \u0111\u01b0\u1ee3c th\u01b0\u1edfng th\u1ee9c nh\u1eefng b\u1ed9 phim v\u00e0 tr\u00f2 ch\u01a1i v\u1edbi ch\u1ea5t l\u01b0\u1ee3ng h\u00ecnh \u1ea3nh tuy\u1ec7t v\u1eddi. T\u1ed1c \u0111\u1ed9 l\u00e0m m\u1edbi 120Hz \u1edf ch\u1ebf \u0111\u1ed9 Game Boost qua HDMI gi\u00fap b\u1ea1n c\u00f3 nh\u1eefng gi\u00e2y ph\u00fat ch\u01a1i game m\u01b0\u1ee3t m\u00e0, kh\u00f4ng b\u1ecb gi\u1eadt lag.<\/p>\n<p><img fetchpriority=\"high\" decoding=\"async\" class=\"alignnone wp-image-80118 size-large\" src=\"https:\/\/tokoo.vn\/wp-content\/uploads\/2025\/04\/497437941_1117409410416445_3330091815555041209_n-1-1024x512.jpg\" alt=\"Xiaomi TV A 65 2026 \" width=\"1024\" height=\"512\" \/><\/p>\n<p>Thi\u1ebft k\u1ebf kim lo\u1ea1i sang tr\u1ecdng v\u1edbi vi\u1ec1n si\u00eau m\u1ecfng mang \u0111\u1ebfn v\u1ebb \u0111\u1eb9p hi\u1ec7n \u0111\u1ea1i cho kh\u00f4ng gian s\u1ed1ng c\u1ee7a b\u1ea1n. \u00c2m thanh Dolby Audio, DTS:X v\u00e0 DTS Virtual:X1 s\u1ebd khi\u1ebfn b\u1ea1n c\u1ea3m nh\u1eadn \u0111\u01b0\u1ee3c t\u1eebng chi ti\u1ebft \u00e2m thanh s\u1ed1ng \u0111\u1ed9ng. \u0110\u1eb7c bi\u1ec7t, b\u1ea1n c\u00f3 th\u1ec3 \u0111i\u1ec1u khi\u1ec3n tivi b\u1eb1ng gi\u1ecdng n\u00f3i.<\/p>\n<h3>M\u00e0n h\u00ecnh 65&#8243; si\u00eau l\u1edbn Xem phim chi\u1ebfu r\u1ea1p tho\u1ea3i m\u00e1i t\u1ea1i nh\u00e0<\/h3>\n<p><img decoding=\"async\" class=\"alignnone wp-image-80115 size-large\" src=\"https:\/\/tokoo.vn\/wp-content\/uploads\/2025\/04\/xcvbnmfghjkfcvbnmfghjkrtyuio-1024x522.jpg\" alt=\"Xiaomi TV A 65 2026 \" width=\"1024\" height=\"522\" \/><\/p>\n<p>Xiaomi TV A 65 2026 mang \u0111\u1ebfn tr\u1ea3i nghi\u1ec7m h\u00ecnh \u1ea3nh UHD 4K tuy\u1ec7t v\u1eddi v\u1edbi \u0111\u1ed9 ph\u00e2n gi\u1ea3i s\u1eafc n\u00e9t, gi\u00fap b\u1ea1n kh\u00f4ng b\u1ecf l\u1ee1 b\u1ea5t k\u1ef3 chi ti\u1ebft n\u00e0o. C\u00f4ng ngh\u1ec7 HDR n\u00e2ng cao \u0111\u1ed9 t\u01b0\u01a1ng ph\u1ea3n v\u00e0 \u0111\u1ed9 s\u00e1ng, cho ph\u00e9p b\u1ea1n th\u01b0\u1edfng th\u1ee9c nh\u1eefng c\u1ea3nh phim s\u1ed1ng \u0111\u1ed9ng v\u00e0 ch\u00e2n th\u1ef1c h\u01a1n bao gi\u1edd h\u1ebft. \u0110\u1eb7c bi\u1ec7t, c\u00f4ng ngh\u1ec7 MEMC gi\u00fap h\u00ecnh \u1ea3nh chuy\u1ec3n \u0111\u1ed9ng m\u01b0\u1ee3t m\u00e0, l\u00fd t\u01b0\u1edfng cho nh\u1eefng ai y\u00eau th\u00edch th\u1ec3 thao<\/p>\n<p><img decoding=\"async\" class=\"alignnone wp-image-80116 size-large\" src=\"https:\/\/tokoo.vn\/wp-content\/uploads\/2025\/04\/497590585_1116694650487921_8895674401103532763_n-1024x512.jpg\" alt=\"Ch\u1ebf \u0111\u1ed9 Game Boost 120Hz X\u1eed l\u00fd h\u00ecnh \u1ea3nh nhanh\" width=\"1024\" height=\"512\" \/><\/p>\n<p>Xiaomi TV A 65 2026 h\u1ed7 tr\u1ee3 ch\u1ebf \u0111\u1ed9 Game Boost 120Hz, gi\u00fap t\u1ea7n s\u1ed1 qu\u00e9t m\u00e0n h\u00ecnh n\u00e2ng cao t\u1eeb 60Hz l\u00ean 120Hz khi k\u1ebft n\u1ed1i HDMI. \u0110i\u1ec1u n\u00e0y kh\u00f4ng ch\u1ec9 l\u00e0m cho h\u00ecnh \u1ea3nh tr\u1edf n\u00ean s\u1eafc n\u00e9t h\u01a1n m\u00e0 c\u00f2n gi\u00fap chuy\u1ec3n \u0111\u1ed9ng v\u00e0 hi\u1ec7u \u1ee9ng trong tr\u00f2 ch\u01a1i m\u01b0\u1ee3t m\u00e0 h\u01a1n bao gi\u1edd h\u1ebft.<\/p>\n<p>Ngo\u00e0i ra, ch\u1ebf \u0111\u1ed9 nh\u00e0 l\u00e0m phim v\u1edbi ti\u00eau chu\u1ea9n Hollywood s\u1ebd t\u00e1i hi\u1ec7n ch\u00e2n th\u1ef1c t\u1ea7m nh\u00ecn s\u00e1ng t\u1ea1o c\u1ee7a c\u00e1c \u0111\u1ea1o di\u1ec5n, mang \u0111\u1ebfn cho b\u1ea1n nh\u1eefng gi\u00e2y ph\u00fat gi\u1ea3i tr\u00ed \u0111\u1ea7y c\u1ea3m x\u00fac v\u00e0 s\u1ed1ng \u0111\u1ed9ng.<\/p>\n<h3>H\u1ec7 \u0111i\u1ec1u h\u00e0nh<\/h3>\n<ul>\n<li>Google TV<\/li>\n<li>Google Assistant built-in2<\/li>\n<li>T\u00edch h\u1ee3p v\u1edbi Google Cast and Miracast<\/li>\n<li>T\u00edch h\u1ee3p v\u1edbi Apple Airplay<\/li>\n<li>Netflix, Prime Video and YouTube pre<\/li>\n<\/ul>\n<h3>\u00c2m thanh Xiaomi | \u00c2m thanh th\u00f4ng minh cho nhi\u1ec1u t\u00ecnh hu\u1ed1ng<\/h3>\n<p>C\u00f4ng ngh\u1ec7 tinh ch\u1ec9nh \u00e2m thanh chuy\u00ean nghi\u1ec7p c\u1ee7a Xiaomi gi\u00fap t\u00e1i t\u1ea1o kh\u00f4ng gian \u00e2m thanh \u0111a d\u1ea1ng v\u00e0 chi ti\u1ebft. Hi\u1ec7u \u1ee9ng \u00e2m thanh \u0111\u01b0\u1ee3c t\u1ef1 \u0111\u1ed9ng \u0111i\u1ec1u ch\u1ec9nh \u0111\u1ec3 mang l\u1ea1i tr\u1ea3i nghi\u1ec7m \u00e2m thanh tuy\u1ec7t v\u1eddi t\u01b0\u01a1ng \u1ee9ng v\u1edbi n\u1ed9i dung \u0111ang ph\u00e1t.<\/p>\n<p><img loading=\"lazy\" decoding=\"async\" class=\"alignnone wp-image-80117 size-large\" src=\"https:\/\/tokoo.vn\/wp-content\/uploads\/2025\/04\/496169609_1116773360480050_9073223260645278236_n-1024x512.jpg\" alt=\"Dolby Audio &amp; DTS:X\" width=\"1024\" height=\"512\" \/><\/p>\n<h3>K\u1ebft n\u1ed1i c\u1ee7a Xiaomi TV A 65&#8243; 2026<\/h3>\n<p>Wi-Fi 2.4GHz\/5GHz | Bluetooth 5.0 | H\u1ec7 th\u1ed1ng ph\u00e1t s\u00f3ng | DVB-T2\/C,DVB-S23 | C\u1ed5ng k\u1ebft n\u1ed1i &#8211; HDMI x 3 | USB 2.0 x 1 | Ethernet (LAN) x 1 | Composite In (AV) | Optical x 1<\/p>\n<p>N\u1ebfu b\u1ea1n quan t\u00e2m \u0111\u1ebfn ch\u1ea5t l\u01b0\u1ee3ng h\u00ecnh \u1ea3nh cao h\u01a1n, phi\u00ean b\u1ea3n\u00a0<a href=\"https:\/\/tivixiaomi.co\/tivi\/xiaomi-tv-a-pro-65-2026-series\/\">Xiaomi TV A Pro 65 2026<\/a>\u00a0s\u1eed d\u1ee5ng t\u1ea5m n\u1ec1n QLED v\u1edbi \u0111\u1ed9 ph\u1ee7 m\u00e0u DCI-P3 \u0111\u1ea1t 94%, mang l\u1ea1i m\u00e0u s\u1eafc s\u1ed1ng \u0111\u1ed9ng v\u00e0 ch\u00ednh x\u00e1c h\u01a1n. Tuy nhi\u00ean, m\u1ee9c gi\u00e1 c\u1ee7a phi\u00ean b\u1ea3n Pro s\u1ebd cao h\u01a1n so v\u1edbi phi\u00ean b\u1ea3n ti\u00eau chu\u1ea9n.<\/p>\n<table>\n<thead>\n<tr>\n<th><strong>Ti\u00eau ch\u00ed<\/strong><\/th>\n<th><strong>Xiaomi TV A 65 2026<\/strong><\/th>\n<th><strong>Xiaomi TV A Pro 65 2026<\/strong><\/th>\n<\/tr>\n<\/thead>\n<tbody>\n<tr>\n<td><strong>M\u00e0n h\u00ecnh<\/strong><\/td>\n<td>4K UHD, h\u1ed7 tr\u1ee3 HDR10, MEMC<\/td>\n<td>QLED 4K Gam M\u00e0u DCI-P3: 92%(min)\/94% (Typical); \u0111\u1ed9 s\u00e2u m\u00e0u 1,07 t\u1ef7;, HDR10+, MEMC, Filmmaker Mode;<\/td>\n<\/tr>\n<tr>\n<td><strong>\u00c2m thanh<\/strong><\/td>\n<td>2 x 10W; h\u1ed7 tr\u1ee3 Dolby Audio\u2122, DTS v\u00e0 DTS Virtual<\/td>\n<td>2 x 10W; h\u1ed7 tr\u1ee3 Dolby Audio\u2122, DTS v\u00e0 DTS Virtual<\/td>\n<\/tr>\n<tr>\n<td><strong>H\u1ec7 \u0111i\u1ec1u h\u00e0nh<\/strong><\/td>\n<td>Google TV\u2122; t\u00edch h\u1ee3p Google Assistant; h\u1ed7 tr\u1ee3 \u0111i\u1ec1u khi\u1ec3n b\u1eb1ng gi\u1ecdng n\u00f3i.<\/td>\n<td>Google TV\u2122; t\u00edch h\u1ee3p Google Assistant; h\u1ed7 tr\u1ee3 \u0111i\u1ec1u khi\u1ec3n b\u1eb1ng gi\u1ecdng n\u00f3i.<\/td>\n<\/tr>\n<tr>\n<td><strong>B\u1ed9 x\u1eed l\u00fd &amp; b\u1ed9 nh\u1edb<\/strong><\/td>\n<td>CPU A55 l\u00f5i t\u1ee9; GPU Mali G52; RAM 2GB; ROM 8GB.<\/td>\n<td>CPU A55 l\u00f5i t\u1ee9; GPU Mali G52 MP2; RAM 2GB; ROM 8 GB.<\/td>\n<\/tr>\n<tr>\n<td><strong>K\u1ebft n\u1ed1i<\/strong><\/td>\n<td>Wi-Fi b\u0103ng t\u1ea7n k\u00e9p 2.4GHz\/5GHz; Bluetooth 5.0; 3 x HDMI (1 c\u1ed5ng h\u1ed7 tr\u1ee3 eARC); 2 x USB 2.0; c\u1ed5ng AV, LAN, Optical.<\/td>\n<td>Wi-Fi b\u0103ng t\u1ea7n k\u00e9p 2.4GHz\/5GHz; Bluetooth 5.0; 3 x HDMI (1 c\u1ed5ng h\u1ed7 tr\u1ee3 eARC); 2 x USB 2.0; c\u1ed5ng AV, LAN, Optical.<\/td>\n<\/tr>\n<tr>\n<td><strong>Gi\u00e1 tham kh\u1ea3o<\/strong><\/td>\n<td>12.990.000 \u20ab<\/td>\n<td>13.990.000 \u20ab<\/td>\n<\/tr>\n<\/tbody>\n<\/table>\n","protected":false},"excerpt":{"rendered":"<ul>\n<li>D\u00f2ng A 2026 Series<\/li>\n<li>M\u00e0n h\u00ecnh: 65&#8243; UHD<\/li>\n<li>RAM: 2 GB<\/li>\n<li>B\u1ed9 nh\u1edb: 8 GB<\/li>\n<\/ul>\n","protected":false},"featured_media":77810,"comment_status":"open","ping_status":"closed","template":"","meta":[],"product_brand":[],"product_cat":[812],"product_tag":[],"class_list":{"0":"post-77804","1":"product","2":"type-product","3":"status-publish","4":"has-post-thumbnail","6":"product_cat-xiaomi-tv-a-2026-series","8":"first","9":"instock","10":"sale","11":"shipping-taxable","12":"purchasable","13":"product-type-simple"},"_links":{"self":[{"href":"https:\/\/tivixiaomi.co\/en\/wp-json\/wp\/v2\/product\/77804"}],"collection":[{"href":"https:\/\/tivixiaomi.co\/en\/wp-json\/wp\/v2\/product"}],"about":[{"href":"https:\/\/tivixiaomi.co\/en\/wp-json\/wp\/v2\/types\/product"}],"replies":[{"embeddable":true,"href":"https:\/\/tivixiaomi.co\/en\/wp-json\/wp\/v2\/comments?post=77804"}],"version-history":[{"count":4,"href":"https:\/\/tivixiaomi.co\/en\/wp-json\/wp\/v2\/product\/77804\/revisions"}],"predecessor-version":[{"id":77903,"href":"https:\/\/tivixiaomi.co\/en\/wp-json\/wp\/v2\/product\/77804\/revisions\/77903"}],"wp:featuredmedia":[{"embeddable":true,"href":"https:\/\/tivixiaomi.co\/en\/wp-json\/wp\/v2\/media\/77810"}],"wp:attachment":[{"href":"https:\/\/tivixiaomi.co\/en\/wp-json\/wp\/v2\/media?parent=77804"}],"wp:term":[{"taxonomy":"product_brand","embeddable":true,"href":"https:\/\/tivixiaomi.co\/en\/wp-json\/wp\/v2\/product_brand?post=77804"},{"taxonomy":"product_cat","embeddable":true,"href":"https:\/\/tivixiaomi.co\/en\/wp-json\/wp\/v2\/product_cat?post=77804"},{"taxonomy":"product_tag","embeddable":true,"href":"https:\/\/tivixiaomi.co\/en\/wp-json\/wp\/v2\/product_tag?post=77804"}],"curies":[{"name":"wp","href":"https:\/\/api.w.org\/{rel}","templated":true}]}}