{"id":77805,"date":"2025-05-02T23:40:09","date_gmt":"2025-05-02T16:40:09","guid":{"rendered":"https:\/\/tivixiaomi.co\/?post_type=product&#038;p=77805"},"modified":"2025-06-09T19:02:52","modified_gmt":"2025-06-09T12:02:52","slug":"xiaomi-tv-a-pro-32-2026-series","status":"publish","type":"product","link":"https:\/\/tivixiaomi.co\/en\/tivi\/xiaomi-tv-a-pro-32-2026-series\/","title":{"rendered":"Xiaomi TV A Pro 32 2026 Series"},"content":{"rendered":"<h2>Xiaomi TV A Pro 32 2026 Series \u0111\u01b0\u1ee3c trang b\u1ecb m\u00e0n h\u00ecnh QLED r\u1ef1c r\u1ee1 v\u00e0 s\u1eafc n\u00e9t, v\u1edbi ch\u1ea5t li\u1ec7u kim lo\u1ea1i cao c\u1ea5p v\u00e0 thi\u1ebft k\u1ebf vi\u1ec1n m\u1ecfng. \u00c2m thanh s\u1ed1ng \u0111\u1ed9ng nh\u1edd c\u00f4ng ngh\u1ec7 Dolby Audio, DTS:X v\u00e0 DTS Virtual:X, c\u00f9ng v\u1edbi t\u00ednh n\u0103ng \u0111i\u1ec1u khi\u1ec3n b\u1eb1ng gi\u1ecdng n\u00f3i.<\/h2>\n<h3>C\u00f4ng ngh\u1ec7 h\u00ecnh \u1ea3nh<\/h3>\n<p><a href=\"https:\/\/tivixiaomi.co\/tivi\/xiaomi-tv-a-pro-32-2026-series\/\">Xiaomi TV A Pro 32 2026 Series<\/a> mang \u0111\u1ebfn tr\u1ea3i nghi\u1ec7m gi\u1ea3i tr\u00ed tuy\u1ec7t v\u1eddi v\u1edbi m\u00e0n h\u00ecnh <strong>32 inch HD<\/strong> s\u1eafc n\u00e9t, \u0111\u1ed9 ph\u00e2n gi\u1ea3i 1366 x 768 cho h\u00ecnh \u1ea3nh \u0111\u1ed9ng v\u00e0 ch\u00e2n th\u1ef1c. <strong>T\u1ed1c \u0111\u1ed9 l\u00e0m m\u1edbi 60Hz<\/strong> gi\u00fap h\u00ecnh \u1ea3nh m\u01b0\u1ee3t m\u00e0, l\u00fd t\u01b0\u1edfng cho c\u00e1c b\u1ed9 phim v\u00e0 tr\u00f2 ch\u01a1i. V\u1edbi \u0111\u1ed9 s\u00e2u m\u00e0u l\u00ean \u0111\u1ebfn <strong>16,7 t\u1ef7 m\u00e0u<\/strong> v\u00e0 <strong>gam m\u00e0u QLED DCI-P3 \u0111\u1ea1t 80% (ph\u00fat)\/85% (typ)<\/strong>, b\u1ea1n s\u1ebd \u0111\u01b0\u1ee3c th\u01b0\u1edfng th\u1ee9c nh\u1eefng s\u1eafc th\u00e1i m\u00e0u s\u1eafc phong ph\u00fa v\u00e0 r\u1ef1c r\u1ee1. G\u00f3c nh\u00ecn r\u1ed9ng 178\u00b0 (H)\/178\u00b0 (V) cho ph\u00e9p b\u1ea1n xem t\u1eeb nhi\u1ec1u v\u1ecb tr\u00ed kh\u00e1c nhau m\u00e0 kh\u00f4ng l\u00e0m gi\u1ea3m ch\u1ea5t l\u01b0\u1ee3ng h\u00ecnh \u1ea3nh.<\/p>\n<p><img fetchpriority=\"high\" decoding=\"async\" class=\"alignnone wp-image-80048 size-large\" src=\"https:\/\/tokoo.vn\/wp-content\/uploads\/2025\/04\/ed114dcccf0231754aa3ac185c929623-1024x634.png\" alt=\"Xiaomi TV A Pro 32 2026 Series\" width=\"1024\" height=\"634\" \/><\/p>\n<h3>H\u1ec7 \u0111i\u1ec1u h\u00e0nh<\/h3>\n<p>Xiaomi TV A Pro 32 2026 Series \u0111\u01b0\u1ee3c c\u00e0i \u0111\u1eb7t s\u1eb5n h\u1ec7 \u0111i\u1ec1u h\u00e0nh <a href=\"https:\/\/tv.google\/\" target=\"_blank\" rel=\"noopener\">Google TV Lite<\/a>, <a href=\"https:\/\/www.netflix.com\/vn\/\" target=\"_blank\" rel=\"noopener\">Netflix<\/a>, Prime Video v\u00e0 YouTube gi\u00fap b\u1ea1n d\u1ec5 d\u00e0ng truy c\u1eadp v\u00e0o h\u00e0ng tri\u1ec7u n\u1ed9i dung h\u1ea5p d\u1eabn. V\u1edbi t\u00edch h\u1ee3p <strong>Google Assistant<\/strong>, b\u1ea1n c\u00f3 th\u1ec3 \u0111i\u1ec1u khi\u1ec3n TV b\u1eb1ng gi\u1ecdng n\u00f3i m\u1ed9t c\u00e1ch thu\u1eadn ti\u1ec7n. Ngo\u00e0i ra, t\u00ednh n\u0103ng <strong>Google Cast<\/strong> v\u00e0 <strong>Miracast<\/strong> cho ph\u00e9p b\u1ea1n chia s\u1ebb m\u00e0n h\u00ecnh t\u1eeb \u0111i\u1ec7n tho\u1ea1i ho\u1eb7c m\u00e1y t\u00ednh b\u1ea3ng m\u1ed9t c\u00e1ch d\u1ec5 d\u00e0ng.<\/p>\n<p><img decoding=\"async\" class=\"alignnone wp-image-80050 size-large\" src=\"https:\/\/tokoo.vn\/wp-content\/uploads\/2025\/04\/TVFY25_UH_Smart_1linkintro-image-d-1024x438.webp\" alt=\"Xiaomi TV A Pro 32 2026 Series\" width=\"1024\" height=\"438\" \/><\/p>\n<h3>Vi X\u1eed L\u00fd<\/h3>\n<p>V\u1edbi b\u1ed9 vi x\u1eed l\u00fd <a href=\"https:\/\/www.arm.com\/products\/silicon-ip-cpu\/cortex-a\/cortex-a53\" target=\"_blank\" rel=\"noopener\">Quad Cortex-A53<\/a> m\u1ea1nh v\u00e0 <strong>GPU Mali G31 MP2<\/strong>, b\u1ea1n s\u1ebd tr\u1ea3i nghi\u1ec7m h\u00ecnh \u1ea3nh s\u1eafc n\u00e9t v\u00e0 m\u01b0\u1ee3t m\u00e0. <strong>RAM 1 GB<\/strong> v\u00e0 <strong>b\u1ed9 nh\u1edb 8 GB<\/strong> gi\u00fap <a href=\"https:\/\/tivixiaomi.co\/tivi\/xiaomi-tv-a-pro-32-2026-series\/\">Tivi Xiaomi A Pro 32\u00a0inch 2026<\/a> l\u01b0u tr\u1eef nhi\u1ec1u \u1ee9ng d\u1ee5ng v\u00e0 n\u1ed9i dung y\u00eau th\u00edch.<\/p>\n<h3>K\u1ebft n\u1ed1i<\/h3>\n<p>Xiaomi TV A Pro 32\u00a0 2026 Series \u0110\u01b0\u1ee3c trang b\u1ecb k\u1ebft n\u1ed1i Wi-Fi 2.4GHz\/5GHz v\u00e0 Bluetooth 5.0, b\u1ea1n c\u00f3 th\u1ec3 d\u1ec5 d\u00e0ng k\u1ebft n\u1ed1i v\u1edbi c\u00e1c thi\u1ebft b\u1ecb kh\u00e1c. H\u1ec7 th\u1ed1ng ph\u00e1t s\u00f3ng DVB-T2\/C v\u00e0 DVB-S2 gi\u00fap b\u1ea1n ki\u1ebfm \u0111\u01b0\u1ee3c nhi\u1ec1u k\u00eanh truy\u1ec1n h\u00ecnh ch\u1ea5t l\u01b0\u1ee3ng cao. Ngo\u00e0i ra, v\u1edbi 2 c\u1ed5ng HDMI, 1 c\u1ed5ng USB 2.0, 1 c\u1ed5ng Ethernet (LAN) v\u00e0 c\u1ed5ng Composite In (AV), b\u1ea1n c\u00f3 th\u1ec3 k\u1ebft n\u1ed1i nhi\u1ec1u thi\u1ebft b\u1ecb c\u00f9ng l\u00fac, mang \u0111\u1ebfn tr\u1ea3i nghi\u1ec7m gi\u1ea3i tr\u00ed \u0111a d\u1ea1ng v\u00e0 phong ph\u00fa.<\/p>\n<h3>Thi\u1ebft k\u1ebf v\u00e0 K\u00edch th\u01b0\u1edbc<\/h3>\n<p>Xiaomi TV A Pro 32 2026 Series s\u1edf h\u1eefu thi\u1ebft k\u1ebf cao c\u1ea5p v\u1edbi vi\u1ec1n m\u00e0n h\u00ecnh m\u1ecfng, mang \u0111\u1ebfn v\u1ebb ngo\u00e0i hi\u1ec7n \u0111\u1ea1i v\u00e0 tinh t\u1ebf. M\u00e0u \u0111en ch\u1ee7 \u0111\u1ea1o, k\u1ebft h\u1ee3p v\u1edbi ch\u00e2n \u0111\u1ebf \u0111\u00f4i v\u1eefng ch\u1eafc. K\u00edch th\u01b0\u1edbc c\u1ee7a TV kh\u00f4ng c\u00f3 \u0111\u1ebf l\u00e0 719 x 61 x 425mm, trong khi k\u00edch th\u01b0\u1edbc bao g\u1ed3m c\u1ea3 \u0111\u1ebf l\u00e0 719 x 198 x 469mm. Thi\u1ebft b\u1ecb c\u0169ng h\u1ed7 tr\u1ee3 khung treo t\u01b0\u1eddng v\u1edbi k\u00edch th\u01b0\u1edbc 100 x 200mm v\u00e0 c\u00f3 tr\u1ecdng l\u01b0\u1ee3ng nh\u1eb9 ch\u1ec9 4.5kg, thu\u1eadn ti\u1ec7n cho vi\u1ec7c l\u1eafp \u0111\u1eb7t v\u00e0 di chuy\u1ec3n.<\/p>\n<p>B\u1ed9 s\u1ea3n ph\u1ea9m g\u1ed3m g\u1ed3m: 1 chi\u1ebfc <a href=\"https:\/\/tivixiaomi.co\/danh-muc\/tv-thiet-bi-hinh-anh-xiaomi\/\">tivi Xiaomi<\/a>, 1 \u0111i\u1ec1u khi\u1ec3n t\u1eeb xa 360, 1 h\u1ed9p ngu\u1ed3n, 1 t\u00fai \u0111\u1ef1ng, 1 h\u01b0\u1edbng d\u1eabn s\u1eed d\u1ee5ng, 1 th\u1ebb b\u1ea3o h\u00e0nh v\u00e0 2 ch\u00e2n \u0111\u1ebf.<\/p>\n<p>H\u01b0\u1edbng d\u1eabn t\u1ed1i \u01b0u h\u00f3a tr\u1ea3i nghi\u1ec7m xem phim tr\u00ean <a href=\"https:\/\/tivixiaomi.co\/tivi\/xiaomi-tv-a-pro-32-2026-series\/\">Tivi Xiaomi A Pro 32\u00a0inch 2026<\/a>: C\u00e1c m\u1eb9o v\u00e0 th\u1ee7 thu\u1eadt \u0111\u1ec3 thi\u1ebft l\u1eadp v\u00e0 s\u1eed d\u1ee5ng TV hi\u1ec7u qu\u1ea3 nh\u1ea5t, bao g\u1ed3m c\u00e0i \u0111\u1eb7t h\u00ecnh \u1ea3nh, \u00e2m thanh v\u00e0 \u1ee9ng d\u1ee5ng gi\u1ea3i tr\u00ed.<\/p>\n<p>So s\u00e1nh <a href=\"https:\/\/tivixiaomi.co\/tivi\/xiaomi-tv-a-pro-32-2026-series\/\">Tivi Xiaomi A Pro 32 inch 2026<\/a> v\u1edbi <a href=\"https:\/\/tivixiaomi.co\/tivi\/xiaomi-tv-a-32\/\">Tivi Xiaomi A Pro 32 inch 2023 Series<\/a><\/p>\n","protected":false},"excerpt":{"rendered":"<ul>\n<li>D\u00f2ng\u00a0A Pro 2026 Series<\/li>\n<li>M\u00e0n h\u00ecnh: 32&#8243; HD<\/li>\n<li>RAM: 1 GB<\/li>\n<li>B\u1ed9 nh\u1edb: 8 GB<\/li>\n<\/ul>\n","protected":false},"featured_media":77816,"comment_status":"open","ping_status":"closed","template":"","meta":[],"product_brand":[],"product_cat":[813],"product_tag":[],"class_list":{"0":"post-77805","1":"product","2":"type-product","3":"status-publish","4":"has-post-thumbnail","6":"product_cat-xiaomi-tv-a-pro-2026-series","8":"first","9":"instock","10":"sale","11":"shipping-taxable","12":"purchasable","13":"product-type-simple"},"_links":{"self":[{"href":"https:\/\/tivixiaomi.co\/en\/wp-json\/wp\/v2\/product\/77805"}],"collection":[{"href":"https:\/\/tivixiaomi.co\/en\/wp-json\/wp\/v2\/product"}],"about":[{"href":"https:\/\/tivixiaomi.co\/en\/wp-json\/wp\/v2\/types\/product"}],"replies":[{"embeddable":true,"href":"https:\/\/tivixiaomi.co\/en\/wp-json\/wp\/v2\/comments?post=77805"}],"version-history":[{"count":7,"href":"https:\/\/tivixiaomi.co\/en\/wp-json\/wp\/v2\/product\/77805\/revisions"}],"predecessor-version":[{"id":77900,"href":"https:\/\/tivixiaomi.co\/en\/wp-json\/wp\/v2\/product\/77805\/revisions\/77900"}],"wp:featuredmedia":[{"embeddable":true,"href":"https:\/\/tivixiaomi.co\/en\/wp-json\/wp\/v2\/media\/77816"}],"wp:attachment":[{"href":"https:\/\/tivixiaomi.co\/en\/wp-json\/wp\/v2\/media?parent=77805"}],"wp:term":[{"taxonomy":"product_brand","embeddable":true,"href":"https:\/\/tivixiaomi.co\/en\/wp-json\/wp\/v2\/product_brand?post=77805"},{"taxonomy":"product_cat","embeddable":true,"href":"https:\/\/tivixiaomi.co\/en\/wp-json\/wp\/v2\/product_cat?post=77805"},{"taxonomy":"product_tag","embeddable":true,"href":"https:\/\/tivixiaomi.co\/en\/wp-json\/wp\/v2\/product_tag?post=77805"}],"curies":[{"name":"wp","href":"https:\/\/api.w.org\/{rel}","templated":true}]}}