{"id":77806,"date":"2025-05-02T23:40:09","date_gmt":"2025-05-02T16:40:09","guid":{"rendered":"https:\/\/tivixiaomi.co\/?post_type=product&#038;p=77806"},"modified":"2025-06-09T19:03:23","modified_gmt":"2025-06-09T12:03:23","slug":"xiaomi-tv-a-pro-43-2026-series","status":"publish","type":"product","link":"https:\/\/tivixiaomi.co\/en\/tivi\/xiaomi-tv-a-pro-43-2026-series\/","title":{"rendered":"Xiaomi TV A Pro 43 2026 Series"},"content":{"rendered":"<p>Mang phong c\u00e1ch t\u1ed1i gi\u1ea3n hi\u1ec7n \u0111\u1ea1i c\u00f9ng c\u00f4ng ngh\u1ec7 h\u00ecnh \u1ea3nh ti\u00ean ti\u1ebfn, <a href=\"https:\/\/tivixiaomi.co\/tivi\/xiaomi-tv-a-pro-43-2026-series\/\">Xiaomi TV A Pro 43 2026<\/a> Series l\u00e0 l\u1ef1a ch\u1ecdn l\u00fd t\u01b0\u1edfng cho kh\u00f4ng gian s\u1ed1ng hi\u1ec7n \u0111\u1ea1i. V\u1edbi m\u00e0n h\u00ecnh QLED 4K s\u1eafc n\u00e9t, thi\u1ebft k\u1ebf kh\u00f4ng vi\u1ec1n sang tr\u1ecdng v\u00e0 h\u1ec7 \u0111i\u1ec1u h\u00e0nh Google TV th\u00f4ng minh, s\u1ea3n ph\u1ea9m n\u00e0y kh\u00f4ng ch\u1ec9 l\u00e0 thi\u1ebft b\u1ecb gi\u1ea3i tr\u00ed m\u00e0 c\u00f2n l\u00e0 m\u1ed9t \u0111i\u1ec3m nh\u1ea5n n\u1ed9i th\u1ea5t tinh t\u1ebf.<\/p>\n<h2>\u0110\u1eb7c \u0111i\u1ec3m n\u1ed5i b\u1eadt Xiaomi TV A Pro 43 2026 Series:<\/h2>\n<h3>M\u00e0n h\u00ecnh QLED 4K UHD 43 inch<\/h3>\n<p><a href=\"https:\/\/tivixiaomi.co\/tivi\/xiaomi-tv-a-pro-43-2026-series\/\">Xiaomi TV A Pro 43 2026<\/a> Series c\u00f3 M\u00e0n h\u00ecnh 43 inch 4K UHD v\u1edbi \u0111\u1ed9 ph\u00e2n gi\u1ea3i 3840 x 2160, k\u1ebft h\u1ee3p c\u00f4ng ngh\u1ec7 ch\u1ea5m l\u01b0\u1ee3ng t\u1eed t\u1ed1c \u0111\u1ed9 l\u00e0m m\u1edbi 60Hz, \u0111\u1ed9 s\u00e2u m\u00e0u 1.07 t\u1ef7 m\u00e0u, gam m\u00e0u QLED DCI-P3 \u0111\u1ea1t 92% (t\u1ed1i thi\u1ec3u)\/94% (th\u00f4ng th\u01b0\u1eddng), g\u00f3c nh\u00ecn 178\u00b0 (ngang)\/178\u00b0 (d\u1ecdc), v\u00e0 h\u1ed7 tr\u1ee3 ch\u1ebf \u0111\u1ed9 HDR10+\/MEMC\/Filmmaker mang \u0111\u1ebfn h\u00ecnh \u1ea3nh s\u1eafc n\u00e9t, m\u00e0u s\u1eafc trung th\u1ef1c, \u0111\u1ed9 t\u01b0\u01a1ng ph\u1ea3n \u1ea5n t\u01b0\u1ee3ng.<\/p>\n<p><img fetchpriority=\"high\" decoding=\"async\" class=\"alignnone wp-image-80057 size-large\" src=\"https:\/\/tokoo.vn\/wp-content\/uploads\/2025\/04\/4cd3e2632fa629a5d9c758171b3a197e-1024x662.webp\" alt=\"Xiaomi TV A Pro 43 2026\" width=\"1024\" height=\"662\" \/><\/p>\n<h3>H\u1ec7 \u0111i\u1ec1u h\u00e0nh<\/h3>\n<p>Kh\u00e1m ph\u00e1 th\u1ebf gi\u1edbi gi\u1ea3i tr\u00ed kh\u00f4ng gi\u1edbi h\u1ea1n v\u1edbi <a href=\"https:\/\/tivixiaomi.co\/tivi\/xiaomi-tv-a-pro-43-2026-series\/\">Xiaomi TV A Pro 43 2026<\/a> Series! \u0110\u01b0\u1ee3c trang b\u1ecb h\u1ec7 \u0111i\u1ec1u h\u00e0nh Google TV, chi\u1ebfc TV n\u00e0y mang \u0111\u1ebfn tr\u1ea3i nghi\u1ec7m xem phim tuy\u1ec7t v\u1eddi v\u1edbi c\u00e1c \u1ee9ng d\u1ee5ng nh\u01b0 Netflix, Prime Video v\u00e0 YouTube \u0111\u00e3 \u0111\u01b0\u1ee3c c\u00e0i s\u1eb5n. B\u1ea1n c\u0169ng c\u00f3 th\u1ec3 d\u1ec5 d\u00e0ng \u0111i\u1ec1u khi\u1ec3n b\u1eb1ng gi\u1ecdng n\u00f3i nh\u1edd Google Assistant t\u00edch h\u1ee3p s\u1eb5n. V\u1edbi t\u00ednh n\u0103ng Google Cast v\u00e0 Miracast, vi\u1ec7c chia s\u1ebb n\u1ed9i dung t\u1eeb \u0111i\u1ec7n tho\u1ea1i l\u00ean m\u00e0n h\u00ecnh l\u1edbn tr\u1edf n\u00ean \u0111\u01a1n gi\u1ea3n h\u01a1n bao gi\u1edd h\u1ebft.<\/p>\n<p><img decoding=\"async\" class=\"alignnone wp-image-80058 size-large\" src=\"https:\/\/tokoo.vn\/wp-content\/uploads\/2025\/04\/lc99-1024x605.jpg\" alt=\"Xiaomi TV A Pro 43 2026 Series\" width=\"1024\" height=\"605\" \/><\/p>\n<p>\u0110\u1eb7c bi\u1ec7t, t\u00ednh n\u0103ng <a href=\"https:\/\/www.apple.com\/vn\/airplay\/\" target=\"_blank\" rel=\"noopener\">Apple Airplay<\/a> cho ph\u00e9p b\u1ea1n k\u1ebft n\u1ed1i v\u1edbi c\u00e1c thi\u1ebft b\u1ecb Apple m\u1ed9t c\u00e1ch d\u1ec5 d\u00e0ng. H\u00e3y s\u1eb5n s\u00e0ng \u0111\u1ec3 t\u1eadn h\u01b0\u1edfng nh\u1eefng gi\u00e2y ph\u00fat gi\u1ea3i tr\u00ed tuy\u1ec7t v\u1eddi!<\/p>\n<p><img decoding=\"async\" class=\"alignnone wp-image-80059 size-large\" src=\"https:\/\/tokoo.vn\/wp-content\/uploads\/2025\/04\/hero_2024__bvmajug6if9e_large_2x-1024x648.jpg\" alt=\"T\u00edch h\u1ee3p v\u1edbi Apple Airplay\" width=\"1024\" height=\"648\" \/><\/p>\n<h3>Vi X\u1eed L\u00fd<\/h3>\n<p>Xiaomi TV A Pro 43 2026 l\u00e0 m\u1ed9t chi\u1ebfc tivi th\u00f4ng minh m\u1ea1nh m\u1ebd v\u1edbi vi x\u1eed l\u00fd hi\u1ec7n \u0111\u1ea1i. \u0110\u01b0\u1ee3c trang b\u1ecb CPU Quad A55 v\u00e0 GPU Mali G52 MC1, chi\u1ebfc tivi n\u00e0y mang \u0111\u1ebfn hi\u1ec7u su\u1ea5t m\u01b0\u1ee3t m\u00e0 cho m\u1ecdi tr\u1ea3i nghi\u1ec7m gi\u1ea3i tr\u00ed. V\u1edbi 2 GB RAM v\u00e0 b\u1ed9 nh\u1edb 8 GB, b\u1ea1n c\u00f3 th\u1ec3 l\u01b0u tr\u1eef nhi\u1ec1u \u1ee9ng d\u1ee5ng v\u00e0 n\u1ed9i dung y\u00eau th\u00edch m\u00e0 kh\u00f4ng lo b\u1ecb ch\u1eadm.<\/p>\n<h3>K\u1ebft n\u1ed1i<\/h3>\n<p>V\u1edbi k\u1ebft n\u1ed1i Wi-Fi 2.4GHz\/5GHz v\u00e0 Bluetooth 5.0, b\u1ea1n c\u00f3 th\u1ec3 d\u1ec5 d\u00e0ng k\u1ebft n\u1ed1i v\u1edbi internet v\u00e0 c\u00e1c thi\u1ebft b\u1ecb kh\u00e1c. Tivi h\u1ed7 tr\u1ee3 nhi\u1ec1u h\u1ec7 th\u1ed1ng ph\u00e1t s\u00f3ng nh\u01b0 DVB-T2\/C v\u00e0 DVB-S2, gi\u00fap b\u1ea1n th\u01b0\u1edfng th\u1ee9c c\u00e1c k\u00eanh truy\u1ec1n h\u00ecnh y\u00eau th\u00edch. Ngo\u00e0i ra, v\u1edbi 3 c\u1ed5ng HDMI, 1 c\u1ed5ng USB 2.0, 1 c\u1ed5ng Ethernet (LAN), c\u1ed5ng Composite In (AV) v\u00e0 c\u1ed5ng Optical, b\u1ea1n c\u00f3 th\u1ec3 k\u1ebft n\u1ed1i nhi\u1ec1u thi\u1ebft b\u1ecb c\u00f9ng l\u00fac, mang \u0111\u1ebfn tr\u1ea3i nghi\u1ec7m xem phim v\u00e0 ch\u01a1i game tuy\u1ec7t v\u1eddi!<\/p>\n<h3>Thi\u1ebft k\u1ebf v\u00e0 K\u00edch th\u01b0\u1edbc<\/h3>\n<p>chi\u1ebfc TV n\u00e0y d\u1ec5 d\u00e0ng ph\u00f9 h\u1ee3p v\u1edbi nhi\u1ec1u ki\u1ec3u d\u00e1ng n\u1ed9i th\u1ea5t. Tr\u1ecdng l\u01b0\u1ee3ng ch\u1ec9 8.2kg, b\u1ea1n c\u00f3 th\u1ec3 treo t\u01b0\u1eddng d\u1ec5 d\u00e0ng v\u1edbi khung treo 100 x 200mm. M\u00e0u \u0111en thanh l\u1ecbch c\u00f9ng ch\u00e2n \u0111\u1ebf \u0111\u00f4i ch\u1eafc ch\u1eafn gi\u00fap t\u00f4n l\u00ean v\u1ebb \u0111\u1eb9p c\u1ee7a kh\u00f4ng gian s\u1ed1ng. V\u1edbi k\u00edch th\u01b0\u1edbc 957 x 211 x 599mm (bao g\u1ed3m c\u1ea3 \u0111\u1ebf)<\/p>\n<p>V\u1edbi khung kim lo\u1ea1i tinh t\u1ebf c\u00f9ng thi\u1ebft k\u1ebf nguy\u00ean kh\u1ed1i, d\u00f2ng <a href=\"https:\/\/tivixiaomi.co\/tivi\/xiaomi-tv-a-pro-43-2026-series\/\">Xiaomi A Pro 2026<\/a> t\u1ea1o \u1ea5n t\u01b0\u1ee3ng m\u1ea1nh m\u1ebd trong m\u1ecdi ng\u00f4i nh\u00e0.<\/p>\n<p>B\u1ed9 s\u1ea3n ph\u1ea9m g\u1ed3m g\u1ed3m: 1 chi\u1ebfc\u00a0<a href=\"https:\/\/tivixiaomi.co\/danh-muc\/tv-thiet-bi-hinh-anh-xiaomi\/xiaomi-tv-a-pro-2026-series\/\">tivi Xiaomi<\/a>, 1 \u0111i\u1ec1u khi\u1ec3n t\u1eeb xa bluetooth 360\u00b0, 1 D\u00e2y ngu\u1ed3n, 1 h\u01b0\u1edbng d\u1eabn s\u1eed d\u1ee5ng, 1 th\u1ebb b\u1ea3o h\u00e0nh v\u00e0 2 ch\u00e2n \u0111\u1ebf.<\/p>\n","protected":false},"excerpt":{"rendered":"<ul>\n<li>D\u00f2ng\u00a0A Pro 2026 Series<\/li>\n<li>M\u00e0n h\u00ecnh: 43&#8243; 4K UHD<\/li>\n<li>RAM: 2 GB<\/li>\n<li>B\u1ed9 nh\u1edb: 8 GB<\/li>\n<\/ul>\n","protected":false},"featured_media":77816,"comment_status":"open","ping_status":"closed","template":"","meta":[],"product_brand":[],"product_cat":[813],"product_tag":[],"class_list":{"0":"post-77806","1":"product","2":"type-product","3":"status-publish","4":"has-post-thumbnail","6":"product_cat-xiaomi-tv-a-pro-2026-series","8":"first","9":"instock","10":"sale","11":"shipping-taxable","12":"purchasable","13":"product-type-simple"},"_links":{"self":[{"href":"https:\/\/tivixiaomi.co\/en\/wp-json\/wp\/v2\/product\/77806"}],"collection":[{"href":"https:\/\/tivixiaomi.co\/en\/wp-json\/wp\/v2\/product"}],"about":[{"href":"https:\/\/tivixiaomi.co\/en\/wp-json\/wp\/v2\/types\/product"}],"replies":[{"embeddable":true,"href":"https:\/\/tivixiaomi.co\/en\/wp-json\/wp\/v2\/comments?post=77806"}],"version-history":[{"count":9,"href":"https:\/\/tivixiaomi.co\/en\/wp-json\/wp\/v2\/product\/77806\/revisions"}],"predecessor-version":[{"id":77908,"href":"https:\/\/tivixiaomi.co\/en\/wp-json\/wp\/v2\/product\/77806\/revisions\/77908"}],"wp:featuredmedia":[{"embeddable":true,"href":"https:\/\/tivixiaomi.co\/en\/wp-json\/wp\/v2\/media\/77816"}],"wp:attachment":[{"href":"https:\/\/tivixiaomi.co\/en\/wp-json\/wp\/v2\/media?parent=77806"}],"wp:term":[{"taxonomy":"product_brand","embeddable":true,"href":"https:\/\/tivixiaomi.co\/en\/wp-json\/wp\/v2\/product_brand?post=77806"},{"taxonomy":"product_cat","embeddable":true,"href":"https:\/\/tivixiaomi.co\/en\/wp-json\/wp\/v2\/product_cat?post=77806"},{"taxonomy":"product_tag","embeddable":true,"href":"https:\/\/tivixiaomi.co\/en\/wp-json\/wp\/v2\/product_tag?post=77806"}],"curies":[{"name":"wp","href":"https:\/\/api.w.org\/{rel}","templated":true}]}}