{"id":77807,"date":"2025-05-02T23:40:09","date_gmt":"2025-05-02T16:40:09","guid":{"rendered":"https:\/\/tivixiaomi.co\/?post_type=product&#038;p=77807"},"modified":"2025-06-09T19:04:47","modified_gmt":"2025-06-09T12:04:47","slug":"xiaomi-tv-a-pro-55-2026-series","status":"publish","type":"product","link":"https:\/\/tivixiaomi.co\/en\/tivi\/xiaomi-tv-a-pro-55-2026-series\/","title":{"rendered":"Xiaomi TV A Pro 55 2026 Series"},"content":{"rendered":"<h2>Xiaomi TV A Pro 55 2026 l\u00e0 m\u1eabu TV th\u00f4ng minh th\u1ebf h\u1ec7 m\u1edbi trang b\u1ecb m\u00e0n h\u00ecnh QLED 4K s\u1eafc n\u00e9t, thi\u1ebft k\u1ebf kh\u00f4ng vi\u1ec1n cao c\u1ea5p v\u00e0 c\u00f4ng ngh\u1ec7 l\u00e0m m\u01b0\u1ee3t chuy\u1ec3n \u0111\u1ed9ng ti\u00ean ti\u1ebfn, mang \u0111\u1ebfn tr\u1ea3i nghi\u1ec7m gi\u1ea3i tr\u00ed \u0111\u1ec9nh cao trong ph\u00e2n kh\u00fac gi\u00e1 t\u1ea7m trung. \u0110\u01b0\u1ee3c h\u1ed7 tr\u1ee3 b\u1edfi h\u1ec7 \u0111i\u1ec1u h\u00e0nh Google TV c\u00f9ng nhi\u1ec1u c\u00f4ng ngh\u1ec7 \u00e2m thanh v\u00e0 h\u00ecnh \u1ea3nh hi\u1ec7n \u0111\u1ea1i, chi\u1ebfc TV n\u00e0y l\u00e0 s\u1ef1 l\u1ef1a ch\u1ecdn l\u00fd t\u01b0\u1edfng cho ph\u00f2ng kh\u00e1ch hi\u1ec7n \u0111\u1ea1i.<\/h2>\n<p>Xiaomi TV A Pro 55 2026 c\u00f3 \u0111\u1ed9 ph\u00e2n gi\u1ea3i QLED 4K UHD (3840 x 2160), m\u1ecdi h\u00ecnh \u1ea3nh \u0111\u1ec1u s\u1eafc n\u00e9t v\u00e0 s\u1ed1ng \u0111\u1ed9ng, gi\u00fap b\u1ea1n c\u1ea3m nh\u1eadn \u0111\u01b0\u1ee3c t\u1eebng chi ti\u1ebft nh\u1ecf nh\u1ea5t. H\u00e3y t\u01b0\u1edfng t\u01b0\u1ee3ng b\u1ea1n \u0111ang xem m\u1ed9t b\u1ed9 phim h\u00e0nh \u0111\u1ed9ng v\u1edbi nh\u1eefng c\u1ea3nh quay ngo\u1ea1n m\u1ee5c, ho\u1eb7c ch\u01a1i game v\u1edbi \u0111\u1ed3 h\u1ecda ch\u00e2n th\u1ef1c \u0111\u1ebfn t\u1eebng pixel. Chi\u1ebfc <a href=\"https:\/\/tivixiaomi.co\/danh-muc\/tv-thiet-bi-hinh-anh-xiaomi\/\">tivi Xiaomi<\/a> n\u00e0y s\u1ebd bi\u1ebfn m\u1ecdi kho\u1ea3nh kh\u1eafc gi\u1ea3i tr\u00ed c\u1ee7a b\u1ea1n tr\u1edf n\u00ean th\u00fa v\u1ecb h\u01a1n bao gi\u1edd h\u1ebft.<\/p>\n<p><img fetchpriority=\"high\" decoding=\"async\" class=\"alignnone wp-image-80080 size-large\" src=\"https:\/\/tokoo.vn\/wp-content\/uploads\/2025\/04\/625be2e335927fb783dc9399dd6d62cd-1024x614.png\" alt=\"Xiaomi TV A Pro 55 2026\" width=\"1024\" height=\"614\" \/><\/p>\n<h3>M\u00e0n h\u00ecnh<\/h3>\n<p><a href=\"https:\/\/tivixiaomi.co\/tivi\/xiaomi-tv-a-pro-55-2026-series\/\">Xiaomi TV A Pro 55 2026<\/a> Series kh\u00f4ng ch\u1ec9 c\u00f3 \u0111\u1ed9 ph\u00e2n gi\u1ea3i \u1ea5n t\u01b0\u1ee3ng m\u00e0 c\u00f2n s\u1edf h\u1eefu c\u00f4ng ngh\u1ec7 HDR10+\/MEMC\/Filmmaker, gi\u00fap c\u1ea3i thi\u1ec7n ch\u1ea5t l\u01b0\u1ee3ng h\u00ecnh \u1ea3nh. V\u1edbi t\u1ed1c \u0111\u1ed9 l\u00e0m m\u1edbi 60Hz v\u00e0 h\u1ed7 tr\u1ee3 120Hz \u1edf ch\u1ebf \u0111\u1ed9 Game Boost qua HDMI, B\u1ea1n s\u1ebd kh\u00f4ng c\u00f2n ph\u1ea3i lo l\u1eafng v\u1ec1 hi\u1ec7n t\u01b0\u1ee3ng gi\u1eadt lag khi xem th\u1ec3 thao hay ch\u01a1i game n\u1eefa. M\u00e0u s\u1eafc tr\u00ean Xiaomi TV A Pro 55 2026 Series c\u0169ng r\u1ea5t \u0111\u00e1ng ch\u00fa \u00fd v\u1edbi \u0111\u1ed9 s\u00e2u m\u00e0u l\u00ean \u0111\u1ebfn 1.07 t\u1ef7 m\u00e0u v\u00e0 gam m\u00e0u DCI-P3 92% (min) \/ 94% (typical). \u0110i\u1ec1u n\u00e0y c\u00f3 ngh\u0129a l\u00e0 b\u1ea1n s\u1ebd \u0111\u01b0\u1ee3c th\u01b0\u1edfng th\u1ee9c nh\u1eefng h\u00ecnh \u1ea3nh r\u1ef1c r\u1ee1 v\u00e0 s\u1ed1ng \u0111\u1ed9ng nh\u1ea5t. V\u1edbi g\u00f3c nh\u00ecn r\u1ed9ng 178\u00b0 c\u1ea3 ngang v\u00e0 d\u1ecdc, b\u1ea1n c\u00f3 th\u1ec3 xem TV t\u1eeb nhi\u1ec1u v\u1ecb tr\u00ed kh\u00e1c nhau m\u00e0 kh\u00f4ng lo b\u1ecb m\u1ea5t m\u00e0u s\u1eafc hay \u0111\u1ed9 s\u00e1ng.<\/p>\n<p><img decoding=\"async\" class=\"alignnone wp-image-80081 size-large\" src=\"https:\/\/tokoo.vn\/wp-content\/uploads\/2025\/04\/picture_p5-1-1024x748.webp\" alt=\"Filmmaker Mode\" width=\"1024\" height=\"748\" \/><\/p>\n<h3>Vi X\u1eed L\u00fd<\/h3>\n<p>Xiaomi TV A Pro 55 m\u1ea1nh m\u1ebd v\u1edbi CPU Quad A55 v\u00e0 GPU Mali G52 MC1, m\u00e0 c\u00f2n c\u00f3 RAM 2 GB v\u00e0 b\u1ed9 nh\u1edb 8 GB, gi\u00fap b\u1ea1n ch\u1ea1y nhi\u1ec1u \u1ee9ng d\u1ee5ng m\u01b0\u1ee3t m\u00e0. H\u01a1n n\u1eefa V\u1edbi h\u1ec7 \u0111i\u1ec1u h\u00e0nh Google TV, b\u1ea1n c\u00f3 th\u1ec3 d\u1ec5 d\u00e0ng truy c\u1eadp v\u00e0o h\u00e0ng tri\u1ec7u n\u1ed9i dung t\u1eeb Netflix, Prime Video v\u00e0 YouTube \u0111\u00e3 \u0111\u01b0\u1ee3c c\u00e0i s\u1eb5n, t\u00edch h\u1ee3p v\u1edbi Google Cast, Miracast v\u00e0 <a href=\"https:\/\/www.apple.com\/vn\/airplay\/\" target=\"_blank\" rel=\"noopener\">Apple Airplay<\/a> cho ph\u00e9p b\u1ea1n d\u1ec5 d\u00e0ng chia s\u1ebb n\u1ed9i dung t\u1eeb \u0111i\u1ec7n tho\u1ea1i ho\u1eb7c m\u00e1y t\u00ednh b\u1ea3ng l\u00ean m\u00e0n h\u00ecnh l\u1edbn. \u0110\u1eb7c bi\u1ec7t, v\u1edbi Google Assistant t\u00edch h\u1ee3p, b\u1ea1n c\u00f3 th\u1ec3 \u0111i\u1ec1u khi\u1ec3n TV b\u1eb1ng gi\u1ecdng n\u00f3i, t\u00ecm ki\u1ebfm n\u1ed9i dung y\u00eau th\u00edch ch\u1ec9 trong v\u00e0i gi\u00e2y.<\/p>\n<p><img decoding=\"async\" class=\"alignnone wp-image-80050 size-large\" src=\"https:\/\/tokoo.vn\/wp-content\/uploads\/2025\/04\/TVFY25_UH_Smart_1linkintro-image-d-1024x438.webp\" alt=\"Google TV\u2122\" width=\"1024\" height=\"438\" \/><\/p>\n<h3>K\u1ebft n\u1ed1i<\/h3>\n<p>Xiaomi TV A Pro 55 c\u00f2n \u0111\u01b0\u1ee3c trang b\u1ecb nhi\u1ec1u c\u1ed5ng k\u1ebft n\u1ed1i ti\u1ec7n l\u1ee3i nh\u01b0 HDMI, USB, Ethernet v\u00e0 Optical, gi\u00fap b\u1ea1n d\u1ec5 d\u00e0ng k\u1ebft n\u1ed1i v\u1edbi c\u00e1c thi\u1ebft b\u1ecb ngo\u1ea1i vi. H\u1ec7 th\u1ed1ng ph\u00e1t s\u00f3ng DVB-T2\/C v\u00e0 DVB-S2. H\u1ed7 tr\u1ee3 k\u1ebft n\u1ed1i Wi-Fi 2.4GHz\/5GHz v\u00e0 Bluetooth 5.0<\/p>\n<h3>Thi\u1ebft k\u1ebf v\u00e0 K\u00edch th\u01b0\u1edbc<\/h3>\n<p>Xiaomi TV A Pro 55 2026 mang \u0111\u1ebfn thi\u1ebft k\u1ebf kh\u00f4ng vi\u1ec1n cao c\u1ea5p, t\u1ea1o n\u00ean v\u1ebb \u0111\u1eb9p hi\u1ec7n \u0111\u1ea1i cho kh\u00f4ng gian s\u1ed1ng c\u1ee7a b\u1ea1n. V\u1edbi m\u00e0u xanh t\u01b0\u01a1i m\u00e1t v\u00e0 ch\u00e2n \u0111\u1ebf \u0111\u00f4i ch\u1eafc ch\u1eafn, chi\u1ebfc TV n\u00e0y kh\u00f4ng ch\u1ec9 l\u00e0 m\u1ed9t thi\u1ebft b\u1ecb gi\u1ea3i tr\u00ed m\u00e0 c\u00f2n l\u00e0 m\u1ed9t m\u00f3n \u0111\u1ed3 trang tr\u00ed \u1ea5n t\u01b0\u1ee3ng. K\u00edch th\u01b0\u1edbc l\u00fd t\u01b0\u1edfng gi\u00fap b\u1ea1n d\u1ec5 d\u00e0ng l\u1eafp \u0111\u1eb7t, d\u00f9 l\u00e0 treo t\u01b0\u1eddng hay \u0111\u1ec3 b\u00e0n, v\u00e0 tr\u1ecdng l\u01b0\u1ee3ng nh\u1eb9 ch\u1ec9 13kg gi\u00fap vi\u1ec7c di chuy\u1ec3n tr\u1edf n\u00ean d\u1ec5 d\u00e0ng h\u01a1n.<\/p>\n<p>B\u00ean trong h\u1ed9p s\u1ea3n ph\u1ea9m <a href=\"https:\/\/tivixiaomi.co\/tivi\/xiaomi-tv-a-pro-55-2026-series\/\">Xiaomi TV A Pro 2026<\/a>, b\u1ea1n s\u1ebd t\u00ecm th\u1ea5y:\u00a0 Xiaomi TV x 1, \u0111i\u1ec1u khi\u1ec3n t\u1eeb xa 360 \u0111\u1ed9 x 1, c\u00e1p ngu\u1ed3n, t\u00fai v\u00edt, h\u01b0\u1edbng d\u1eabn s\u1eed d\u1ee5ng v\u00e0 th\u1ebb b\u1ea3o h\u00e0nh. H\u1ed7 tr\u1ee3 khung treo t\u01b0\u1eddng 200 x 300mm, b\u1ea1n c\u00f3 th\u1ec3 d\u1ec5 d\u00e0ng l\u1eafp \u0111\u1eb7t TV \u1edf b\u1ea5t k\u1ef3 \u0111\u00e2u trong nh\u00e0. H\u00e3y s\u1edf h\u1eefu ngay Xiaomi TV A Pro 55 2026 \u0111\u1ec3 t\u1eadn h\u01b0\u1edfng nh\u1eefng gi\u00e2y ph\u00fat gi\u1ea3i tr\u00ed tuy\u1ec7t v\u1eddi!<\/p>\n","protected":false},"excerpt":{"rendered":"<ul>\n<li>D\u00f2ng\u00a0A Pro 2026 Series<\/li>\n<li>M\u00e0n h\u00ecnh: 55\u2033 \u00a04K UHD<\/li>\n<li>RAM: 2 GB<\/li>\n<li>B\u1ed9 nh\u1edb: 8 GB<\/li>\n<\/ul>\n","protected":false},"featured_media":77816,"comment_status":"open","ping_status":"closed","template":"","meta":[],"product_brand":[],"product_cat":[813],"product_tag":[],"class_list":{"0":"post-77807","1":"product","2":"type-product","3":"status-publish","4":"has-post-thumbnail","6":"product_cat-xiaomi-tv-a-pro-2026-series","8":"first","9":"instock","10":"sale","11":"shipping-taxable","12":"purchasable","13":"product-type-simple"},"_links":{"self":[{"href":"https:\/\/tivixiaomi.co\/en\/wp-json\/wp\/v2\/product\/77807"}],"collection":[{"href":"https:\/\/tivixiaomi.co\/en\/wp-json\/wp\/v2\/product"}],"about":[{"href":"https:\/\/tivixiaomi.co\/en\/wp-json\/wp\/v2\/types\/product"}],"replies":[{"embeddable":true,"href":"https:\/\/tivixiaomi.co\/en\/wp-json\/wp\/v2\/comments?post=77807"}],"version-history":[{"count":7,"href":"https:\/\/tivixiaomi.co\/en\/wp-json\/wp\/v2\/product\/77807\/revisions"}],"predecessor-version":[{"id":77907,"href":"https:\/\/tivixiaomi.co\/en\/wp-json\/wp\/v2\/product\/77807\/revisions\/77907"}],"wp:featuredmedia":[{"embeddable":true,"href":"https:\/\/tivixiaomi.co\/en\/wp-json\/wp\/v2\/media\/77816"}],"wp:attachment":[{"href":"https:\/\/tivixiaomi.co\/en\/wp-json\/wp\/v2\/media?parent=77807"}],"wp:term":[{"taxonomy":"product_brand","embeddable":true,"href":"https:\/\/tivixiaomi.co\/en\/wp-json\/wp\/v2\/product_brand?post=77807"},{"taxonomy":"product_cat","embeddable":true,"href":"https:\/\/tivixiaomi.co\/en\/wp-json\/wp\/v2\/product_cat?post=77807"},{"taxonomy":"product_tag","embeddable":true,"href":"https:\/\/tivixiaomi.co\/en\/wp-json\/wp\/v2\/product_tag?post=77807"}],"curies":[{"name":"wp","href":"https:\/\/api.w.org\/{rel}","templated":true}]}}