{"id":77808,"date":"2025-05-02T23:40:09","date_gmt":"2025-05-02T16:40:09","guid":{"rendered":"https:\/\/tivixiaomi.co\/?post_type=product&#038;p=77808"},"modified":"2025-06-09T19:05:27","modified_gmt":"2025-06-09T12:05:27","slug":"xiaomi-tv-a-pro-65-2026-series","status":"publish","type":"product","link":"https:\/\/tivixiaomi.co\/en\/tivi\/xiaomi-tv-a-pro-65-2026-series\/","title":{"rendered":"Xiaomi TV A Pro 65 2026 Series"},"content":{"rendered":"<h2>Xiaomi TV A Pro 65 2026 \u2013 TV QLED 4K 120Hz C\u00f4ng ngh\u1ec7 HDR10+, HLG v\u00e0 Filmmaker Mode \u2013 Ch\u1ea5t li\u1ec7u kim lo\u1ea1i sang tr\u1ecdng v\u1edbi thi\u1ebft k\u1ebf vi\u1ec1n si\u00eau m\u1ecfng<\/h2>\n<p>Xiaomi TV A Pro 65 2026 l\u00e0 m\u1eabu TV th\u00f4ng minh trang b\u1ecb t\u1ea5m n\u1ec1n QLED 4K UHD v\u1edbi \u0111\u1ed9 ph\u1ee7 m\u00e0u DCI-P3 92%(min)\/94% (Typical), mang l\u1ea1i d\u1ea3i m\u00e0u r\u1ed9ng v\u00e0 \u0111\u1ed9 ch\u00ednh x\u00e1c m\u00e0u s\u1eafc v\u01b0\u1ee3t tr\u1ed9i. Tivi c\u00f3 kh\u1ea3 n\u0103ng hi\u1ec3n th\u1ecb t\u1edbi 1.07 t\u1ef7 m\u00e0u (8-bit + FRC), cho h\u00ecnh \u1ea3nh ch\u00e2n th\u1ef1c, s\u1ed1ng \u0111\u1ed9ng trong m\u1ecdi khung c\u1ea3nh. C\u00f4ng ngh\u1ec7 HDR10+, HLG v\u00e0 Filmmaker Mode gi\u00fap n\u00e2ng cao \u0111\u1ed9 t\u01b0\u01a1ng ph\u1ea3n, chi ti\u1ebft r\u00f5 r\u00e0ng h\u01a1n k\u1ec3 c\u1ea3 trong v\u00f9ng s\u00e1ng ho\u1eb7c t\u1ed1i. T\u1ea7n s\u1ed1 qu\u00e9t h\u1ed7 tr\u1ee3 l\u00ean t\u1edbi 120Hz (qua Game Mode HDMI), gi\u00fap hi\u1ec3n th\u1ecb m\u01b0\u1ee3t m\u00e0 h\u01a1n khi ch\u01a1i game ho\u1eb7c xem th\u1ec3 thao.<\/p>\n<p><img fetchpriority=\"high\" decoding=\"async\" class=\"alignnone wp-image-80094 size-large\" src=\"https:\/\/tokoo.vn\/wp-content\/uploads\/2025\/04\/643cead1e50a0a9fef2b749f779cce4d-1024x605.png\" alt=\"Xiaomi TV A Pro 65 2026\" width=\"1024\" height=\"605\" \/><\/p>\n<h3>H\u1ec7 \u0111i\u1ec1u h\u00e0nh<\/h3>\n<p>Xiaomi TV A Pro 65 2026 ch\u1ea1y Google TV v\u1edbi tr\u1ee3 l\u00fd Google Assistant t\u00edch h\u1ee3p, cho ph\u00e9p b\u1ea1n ra l\u1ec7nh b\u1eb1ng gi\u1ecdng n\u00f3i \u0111\u1ec3 chuy\u1ec3n k\u00eanh, m\u1edf \u1ee9ng d\u1ee5ng, t\u00ecm ki\u1ebfm n\u1ed9i dung, \u0111i\u1ec1u khi\u1ec3n nh\u00e0 th\u00f4ng minh\u2026 m\u00e0 kh\u00f4ng c\u1ea7n ch\u1ea1m tay v\u00e0o \u0111i\u1ec1u khi\u1ec3n. Ngo\u00e0i ra <a href=\"https:\/\/tivixiaomi.co\/tivi\/xiaomi-tv-a-pro-65-2026-series\/\">Xiaomi TV A Pro 65 2026<\/a> T\u00edch h\u1ee3p v\u1edbi Google Cast and Miracast v\u00e0 Apple AirPlay, cho ph\u00e9p chi\u1ebfu n\u1ed9i dung t\u1eeb \u0111i\u1ec7n tho\u1ea1i l\u00ean TV d\u1ec5 d\u00e0ng.<\/p>\n<p><img decoding=\"async\" class=\"alignnone wp-image-80095 size-large\" src=\"https:\/\/tokoo.vn\/wp-content\/uploads\/2025\/04\/google-1024x682.webp\" alt=\"Xiaomi TV A Pro 65 2026\" width=\"1024\" height=\"682\" \/><\/p>\n<h3>Vi X\u1eed L\u00fd<\/h3>\n<p>tivi Xiaomi A Pro 65 2026 c\u00f3 b\u1ed9 vi x\u1eed l\u00fd Quad-core ARM Cortex-A55 m\u1ea1nh m\u1ebd, gi\u00fap b\u1ea1n tr\u1ea3i nghi\u1ec7m \u0111a nhi\u1ec7m m\u01b0\u1ee3t m\u00e0 v\u00e0 ti\u1ebft ki\u1ec7m \u0111i\u1ec7n n\u0103ng. V\u1edbi GPU Mali-G52 MP2, h\u00ecnh \u1ea3nh s\u1eafc n\u00e9t v\u00e0 hi\u1ec7u \u1ee9ng \u0111\u1ed3 h\u1ecda s\u1ed1ng \u0111\u1ed9ng s\u1ebd khi\u1ebfn b\u1ea1n kh\u00f4ng th\u1ec3 r\u1eddi m\u1eaft. RAM 2GB cho ph\u00e9p b\u1ea1n d\u1ec5 d\u00e0ng chuy\u1ec3n \u0111\u1ed5i gi\u1eefa c\u00e1c \u1ee9ng d\u1ee5ng, trong khi b\u1ed9 nh\u1edb trong 8GB \u0111\u1ee7 \u0111\u1ec3 l\u01b0u tr\u1eef \u1ee9ng d\u1ee5ng v\u00e0 n\u1ed9i dung y\u00eau th\u00edch. \u0110\u1eb7c bi\u1ec7t, TV ho\u1ea1t \u0111\u1ed9ng m\u01b0\u1ee3t m\u00e0 v\u1edbi h\u1ec7 \u0111i\u1ec1u h\u00e0nh Google TV, gi\u00fap b\u1ea1n th\u01b0\u1edfng th\u1ee9c n\u1ed9i dung 4K v\u00e0 s\u1eed d\u1ee5ng c\u00e1c \u1ee9ng d\u1ee5ng OTT nh\u01b0 YouTube, Netflix m\u1ed9t c\u00e1ch d\u1ec5 d\u00e0ng.<\/p>\n<p><img decoding=\"async\" class=\"alignnone wp-image-80097 size-full\" src=\"https:\/\/tokoo.vn\/wp-content\/uploads\/2025\/04\/1d339e5b4b9b233e2df048343ffa870e.jpg\" alt=\"tivi Xiaomi A Pro 65 2026\" width=\"800\" height=\"800\" \/><\/p>\n<p>Xiaomi TV A Pro 65 2026 \u0111\u01b0\u1ee3c trang b\u1ecb c\u00e1c chu\u1ea9n k\u1ebft n\u1ed1i hi\u1ec7n \u0111\u1ea1i, h\u1ed7 tr\u1ee3 \u0111a d\u1ea1ng thi\u1ebft b\u1ecb ngo\u1ea1i vi v\u00e0 m\u1ea1ng kh\u00f4ng d\u00e2y:<\/p>\n<ul>\n<li>Wi-Fi: H\u1ed7 tr\u1ee3 b\u0103ng t\u1ea7n k\u00e9p 2.4GHz \/ 5GHz \u2013 k\u1ebft n\u1ed1i m\u1ea1ng \u1ed5n \u0111\u1ecbnh v\u00e0 t\u1ed1c \u0111\u1ed9 cao<\/li>\n<li>Bluetooth 5.0: K\u1ebft n\u1ed1i nhanh v\u00e0 ti\u1ebft ki\u1ec7m n\u0103ng l\u01b0\u1ee3ng v\u1edbi tai nghe, loa, tay c\u1ea7m ch\u01a1i game&#8230;<\/li>\n<li>H\u1ec7 th\u1ed1ng thu s\u00f3ng k\u1ef9 thu\u1eadt s\u1ed1 t\u00edch h\u1ee3p:<\/li>\n<li>DVB-T2\/C: Truy\u1ec1n h\u00ecnh m\u1eb7t \u0111\u1ea5t v\u00e0 truy\u1ec1n h\u00ecnh c\u00e1p<\/li>\n<li>DVB-S2: Truy\u1ec1n h\u00ecnh v\u1ec7 tinh \u2013 kh\u00f4ng c\u1ea7n \u0111\u1ea7u thu r\u1eddi<\/li>\n<li>C\u1ed5ng k\u1ebft n\u1ed1i v\u1eadt l\u00fd<br \/>\nHDMI x 3: K\u1ebft n\u1ed1i \u0111\u1ea7u ph\u00e1t 4K, soundbar, console (1 c\u1ed5ng h\u1ed7 tr\u1ee3 eARC)<\/li>\n<li>USB 2.0 x 1: Xem phim, nghe nh\u1ea1c t\u1eeb USB ho\u1eb7c k\u1ebft n\u1ed1i thi\u1ebft b\u1ecb ngo\u1ea1i vi<\/li>\n<li>Ethernet (LAN) x 1: K\u1ebft n\u1ed1i m\u1ea1ng c\u00f3 d\u00e2y \u1ed5n \u0111\u1ecbnh<\/li>\n<li>Composite In (AV): H\u1ed7 tr\u1ee3 thi\u1ebft b\u1ecb AV c\u0169 nh\u01b0 \u0111\u1ea7u \u0111\u0129a, m\u00e1y ch\u01a1i game \u0111\u1eddi tr\u01b0\u1edbc<\/li>\n<li>Optical (C\u1ed5ng quang): Truy\u1ec1n t\u00edn hi\u1ec7u \u00e2m thanh ch\u1ea5t l\u01b0\u1ee3ng cao \u0111\u1ebfn d\u00e0n \u00e2m thanh ngo\u00e0i<\/li>\n<\/ul>\n<h3>Thi\u1ebft k\u1ebf v\u00e0 K\u00edch th\u01b0\u1edbc<\/h3>\n<p>Xiaomi TV A Pro 65 2026 s\u1edf h\u1eefu thi\u1ebft k\u1ebf kh\u00f4ng vi\u1ec1n cao c\u1ea5p, m\u00e0u xanh sang tr\u1ecdng, mang l\u1ea1i v\u1ebb ngo\u00e0i tinh t\u1ebf, ph\u00f9 h\u1ee3p v\u1edbi m\u1ecdi kh\u00f4ng gian s\u1ed1ng. <a href=\"https:\/\/tivixiaomi.co\/tivi\/xiaomi-tv-a-pro-65-2026-series\/\">Xiaomi TV A Pro 2026<\/a> s\u1eed d\u1ee5ng ch\u00e2n \u0111\u1ebf \u0111\u00f4i v\u1eefng ch\u1eafc v\u00e0 h\u1ed7 tr\u1ee3 treo t\u01b0\u1eddng chu\u1ea9n VESA 300 x 300mm. K\u00edch th\u01b0\u1edbc (kh\u00f4ng ch\u00e2n \u0111\u1ebf): 1445 x 75 x 833 mm K\u00edch th\u01b0\u1edbc (c\u00f3 ch\u00e2n \u0111\u1ebf): 1445 x 391 x 900 mm Tr\u1ecdng l\u01b0\u1ee3ng: 19.9 kg<\/p>\n<p>Th\u00f9ng tivi Xiaomi A Pro 65 2026 bao g\u1ed3m<\/p>\n<ul>\n<li><a href=\"https:\/\/tivixiaomi.co\/danh-muc\/tv-thiet-bi-hinh-anh-xiaomi\/\">tivi Xiaomi<\/a> x 1,<\/li>\n<li>\u0110i\u1ec1u khi\u1ec3n t\u1eeb xa 360 x 1,<\/li>\n<li>C\u00e1p ngu\u1ed3n x 1, T\u00fai v\u00edt X 1,<\/li>\n<li>H\u01b0\u1edbng d\u1eabn s\u1eed d\u1ee5ng x 1, Th\u1ebb b\u1ea3o h\u00e0nh x 1,<\/li>\n<li>Ch\u00e2n \u0111\u1ebf x 2<\/li>\n<\/ul>\n","protected":false},"excerpt":{"rendered":"<ul>\n<li>D\u00f2ng\u00a0A Pro 2026 Series<\/li>\n<li>M\u00e0n h\u00ecnh: 65\u2033 4K UHD<\/li>\n<li>RAM: 2 GB<\/li>\n<li>B\u1ed9 nh\u1edb: 8 GB<\/li>\n<\/ul>\n","protected":false},"featured_media":77816,"comment_status":"open","ping_status":"closed","template":"","meta":[],"product_brand":[],"product_cat":[813],"product_tag":[],"class_list":{"0":"post-77808","1":"product","2":"type-product","3":"status-publish","4":"has-post-thumbnail","6":"product_cat-xiaomi-tv-a-pro-2026-series","8":"first","9":"instock","10":"sale","11":"shipping-taxable","12":"purchasable","13":"product-type-simple"},"_links":{"self":[{"href":"https:\/\/tivixiaomi.co\/en\/wp-json\/wp\/v2\/product\/77808"}],"collection":[{"href":"https:\/\/tivixiaomi.co\/en\/wp-json\/wp\/v2\/product"}],"about":[{"href":"https:\/\/tivixiaomi.co\/en\/wp-json\/wp\/v2\/types\/product"}],"replies":[{"embeddable":true,"href":"https:\/\/tivixiaomi.co\/en\/wp-json\/wp\/v2\/comments?post=77808"}],"version-history":[{"count":6,"href":"https:\/\/tivixiaomi.co\/en\/wp-json\/wp\/v2\/product\/77808\/revisions"}],"predecessor-version":[{"id":77889,"href":"https:\/\/tivixiaomi.co\/en\/wp-json\/wp\/v2\/product\/77808\/revisions\/77889"}],"wp:featuredmedia":[{"embeddable":true,"href":"https:\/\/tivixiaomi.co\/en\/wp-json\/wp\/v2\/media\/77816"}],"wp:attachment":[{"href":"https:\/\/tivixiaomi.co\/en\/wp-json\/wp\/v2\/media?parent=77808"}],"wp:term":[{"taxonomy":"product_brand","embeddable":true,"href":"https:\/\/tivixiaomi.co\/en\/wp-json\/wp\/v2\/product_brand?post=77808"},{"taxonomy":"product_cat","embeddable":true,"href":"https:\/\/tivixiaomi.co\/en\/wp-json\/wp\/v2\/product_cat?post=77808"},{"taxonomy":"product_tag","embeddable":true,"href":"https:\/\/tivixiaomi.co\/en\/wp-json\/wp\/v2\/product_tag?post=77808"}],"curies":[{"name":"wp","href":"https:\/\/api.w.org\/{rel}","templated":true}]}}