{"id":77950,"date":"2025-05-25T13:00:22","date_gmt":"2025-05-25T06:00:22","guid":{"rendered":"https:\/\/tivixiaomi.co\/?post_type=product&#038;p=77950"},"modified":"2025-06-09T18:59:15","modified_gmt":"2025-06-09T11:59:15","slug":"dieu-hoa-xiaomi-1-5hp-kfr-35gw-f5a1","status":"publish","type":"product","link":"https:\/\/tivixiaomi.co\/en\/tivi\/dieu-hoa-xiaomi-1-5hp-kfr-35gw-f5a1\/","title":{"rendered":"\u0110i\u1ec1u ho\u00e0 Xiaomi 1.5HP KFR-35GW\/F5A1"},"content":{"rendered":"<p>\u0110i\u1ec1u h\u00f2a Xiaomi Mijia Inverter F5A1 Pro 1.5HP (12000 BTU) l\u00e0 m\u1ed9t trong nh\u1eefng s\u1ea3n ph\u1ea9m cao c\u1ea5p c\u1ee7a th\u01b0\u01a1ng hi\u1ec7u Xiaomi. V\u1edbi thi\u1ebft k\u1ebf tinh t\u1ebf v\u00e0 sang tr\u1ecdng, s\u1ea3n ph\u1ea9m n\u00e0y mang \u0111\u1ebfn s\u1ef1 k\u1ebft h\u1ee3p ho\u00e0n h\u1ea3o gi\u1eefa t\u00ednh hi\u1ec7n \u0111\u1ea1i v\u00e0 ti\u1ec7n \u00edch. \u0110i\u1ec1u h\u00f2a \u0111\u01b0\u1ee3c trang b\u1ecb nhi\u1ec1u t\u00ednh n\u0103ng th\u00f4ng minh v\u00e0 ti\u00ean ti\u1ebfn, gi\u00fap t\u1ea1o ra kh\u00f4ng gian s\u1ed1ng tho\u1ea3i m\u00e1i v\u00e0 ti\u1ebft ki\u1ec7m n\u0103ng l\u01b0\u1ee3ng.<\/p>\n<p>Nh\u1eefng \u01b0u \u0111i\u1ec3m n\u1ed5i b\u1eadt c\u1ee7a \u0111i\u1ec1u h\u00f2a 2 chi\u1ec1u Xiaomi Mijia Inverter F5A1 Pro bao g\u1ed3m:<\/p>\n<p>&#8211; Thi\u1ebft k\u1ebf th\u00f4ng minh v\u00e0 tinh t\u1ebf<br \/>\n&#8211; Ch\u1ebf \u0111\u1ed9 ph\u00e2n t\u00e1n gi\u00f3 th\u00f4ng minh v\u1edbi 3 t\u00f9y ch\u1ecdn<br \/>\n&#8211; Hi\u1ec7u su\u1ea5t ho\u1ea1t \u0111\u1ed9ng m\u1ea1nh m\u1ebd, nhanh ch\u00f3ng v\u00e0 \u1ed5n \u0111\u1ecbnh<br \/>\n&#8211; C\u00f4ng ngh\u1ec7 cung c\u1ea5p gi\u00f3 t\u01b0\u01a1i ti\u00ean ti\u1ebfn<br \/>\n&#8211; B\u1ea3o v\u1ec7 s\u1ee9c kh\u1ecfe to\u00e0n di\u1ec7n nh\u1edd c\u00f4ng ngh\u1ec7 l\u1ecdc ion hi\u1ec7n \u0111\u1ea1i, l\u00f5i l\u1ecdc HEPA 4 l\u1edbp v\u00e0 kh\u1ea3 n\u0103ng thanh l\u1ecdc Formaldehyde<br \/>\n&#8211; T\u00ednh n\u0103ng t\u1ef1 l\u00e0m s\u1ea1ch th\u00f4ng minh<br \/>\n&#8211; B\u1ed9 l\u1ecdc kh\u00e1ng khu\u1ea9n v\u00e0 ch\u1ed1ng n\u1ea5m m\u1ed1c \u0111\u1ea1t hi\u1ec7u qu\u1ea3 l\u00ean t\u1edbi 99%<br \/>\n&#8211; M\u00e1y n\u00e9n hai xi lanh th\u1ebf h\u1ec7 m\u1edbi<br \/>\n&#8211; C\u00f4ng c\u1ee5 \u0111i\u1ec1u khi\u1ec3n th\u00f4ng minh Lingyun<br \/>\n&#8211; Ti\u1ebft ki\u1ec7m n\u0103ng l\u01b0\u1ee3ng v\u01b0\u1ee3t tr\u1ed9i<br \/>\n&#8211; M\u00e0n h\u00ecnh LED th\u00f4ng minh<br \/>\n&#8211; K\u1ebft n\u1ed1i HyperOS<\/p>\n","protected":false},"excerpt":{"rendered":"<p>\u0110i\u1ec1u h\u00f2a Xiaomi Mijia Inverter F5A1 Pro 1.5HP (12000 BTU) l\u00e0 m\u1ed9t trong nh\u1eefng s\u1ea3n ph\u1ea9m cao c\u1ea5p c\u1ee7a th\u01b0\u01a1ng hi\u1ec7u Xiaomi. V\u1edbi thi\u1ebft k\u1ebf tinh t\u1ebf v\u00e0 sang tr\u1ecdng, s\u1ea3n ph\u1ea9m n\u00e0y mang \u0111\u1ebfn s\u1ef1 k\u1ebft h\u1ee3p ho\u00e0n h\u1ea3o gi\u1eefa t\u00ednh hi\u1ec7n \u0111\u1ea1i v\u00e0 ti\u1ec7n \u00edch. \u0110i\u1ec1u h\u00f2a \u0111\u01b0\u1ee3c trang b\u1ecb nhi\u1ec1u t\u00ednh n\u0103ng th\u00f4ng minh v\u00e0 ti\u00ean ti\u1ebfn, gi\u00fap t\u1ea1o ra kh\u00f4ng gian s\u1ed1ng tho\u1ea3i m\u00e1i v\u00e0 ti\u1ebft ki\u1ec7m n\u0103ng l\u01b0\u1ee3ng. Nh\u1eefng \u01b0u \u0111i\u1ec3m n\u1ed5i b\u1eadt c\u1ee7a \u0111i\u1ec1u h\u00f2a 2 chi\u1ec1u Xiaomi Mijia Inverter F5A1 Pro bao g\u1ed3m: &#8211; Thi\u1ebft k\u1ebf th\u00f4ng minh v\u00e0 tinh t\u1ebf &#8211; Ch\u1ebf \u0111\u1ed9 ph\u00e2n t\u00e1n gi\u00f3 th\u00f4ng minh v\u1edbi 3 t\u00f9y ch\u1ecdn &#8211; Hi\u1ec7u su\u1ea5t ho\u1ea1t \u0111\u1ed9ng m\u1ea1nh m\u1ebd, nhanh ch\u00f3ng v\u00e0 \u1ed5n \u0111\u1ecbnh &#8211; C\u00f4ng ngh\u1ec7 cung c\u1ea5p gi\u00f3 t\u01b0\u01a1i ti\u00ean ti\u1ebfn &#8211; B\u1ea3o v\u1ec7 s\u1ee9c kh\u1ecfe to\u00e0n di\u1ec7n nh\u1edd c\u00f4ng ngh\u1ec7 l\u1ecdc ion hi\u1ec7n \u0111\u1ea1i, l\u00f5i l\u1ecdc HEPA 4 l\u1edbp v\u00e0 kh\u1ea3 n\u0103ng thanh l\u1ecdc Formaldehyde &#8211; T\u00ednh n\u0103ng t\u1ef1 l\u00e0m s\u1ea1ch th\u00f4ng minh &#8211; B\u1ed9 l\u1ecdc kh\u00e1ng khu\u1ea9n v\u00e0 ch\u1ed1ng n\u1ea5m m\u1ed1c \u0111\u1ea1t hi\u1ec7u qu\u1ea3 l\u00ean t\u1edbi 99% &#8211; M\u00e1y n\u00e9n hai xi lanh th\u1ebf h\u1ec7 m\u1edbi &#8211; C\u00f4ng c\u1ee5 \u0111i\u1ec1u khi\u1ec3n th\u00f4ng minh Lingyun &#8211; Ti\u1ebft ki\u1ec7m n\u0103ng l\u01b0\u1ee3ng v\u01b0\u1ee3t tr\u1ed9i &#8211; M\u00e0n h\u00ecnh LED th\u00f4ng minh &#8211; K\u1ebft n\u1ed1i HyperOS<\/p>\n","protected":false},"featured_media":77951,"comment_status":"open","ping_status":"closed","template":"","meta":[],"product_brand":[],"product_cat":[287,796],"product_tag":[],"class_list":{"0":"post-77950","1":"product","2":"type-product","3":"status-publish","4":"has-post-thumbnail","6":"product_cat-may-lanh-xiaomi","7":"product_cat-may-lanh-xiaomi-thiet-bi-moi-truong-xiaomi","9":"first","10":"instock","11":"sale","12":"shipping-taxable","13":"purchasable","14":"product-type-simple"},"_links":{"self":[{"href":"https:\/\/tivixiaomi.co\/en\/wp-json\/wp\/v2\/product\/77950"}],"collection":[{"href":"https:\/\/tivixiaomi.co\/en\/wp-json\/wp\/v2\/product"}],"about":[{"href":"https:\/\/tivixiaomi.co\/en\/wp-json\/wp\/v2\/types\/product"}],"replies":[{"embeddable":true,"href":"https:\/\/tivixiaomi.co\/en\/wp-json\/wp\/v2\/comments?post=77950"}],"version-history":[{"count":1,"href":"https:\/\/tivixiaomi.co\/en\/wp-json\/wp\/v2\/product\/77950\/revisions"}],"predecessor-version":[{"id":77961,"href":"https:\/\/tivixiaomi.co\/en\/wp-json\/wp\/v2\/product\/77950\/revisions\/77961"}],"wp:featuredmedia":[{"embeddable":true,"href":"https:\/\/tivixiaomi.co\/en\/wp-json\/wp\/v2\/media\/77951"}],"wp:attachment":[{"href":"https:\/\/tivixiaomi.co\/en\/wp-json\/wp\/v2\/media?parent=77950"}],"wp:term":[{"taxonomy":"product_brand","embeddable":true,"href":"https:\/\/tivixiaomi.co\/en\/wp-json\/wp\/v2\/product_brand?post=77950"},{"taxonomy":"product_cat","embeddable":true,"href":"https:\/\/tivixiaomi.co\/en\/wp-json\/wp\/v2\/product_cat?post=77950"},{"taxonomy":"product_tag","embeddable":true,"href":"https:\/\/tivixiaomi.co\/en\/wp-json\/wp\/v2\/product_tag?post=77950"}],"curies":[{"name":"wp","href":"https:\/\/api.w.org\/{rel}","templated":true}]}}