{"id":77962,"date":"2025-05-25T13:31:50","date_gmt":"2025-05-25T06:31:50","guid":{"rendered":"https:\/\/tivixiaomi.co\/?post_type=product&#038;p=77962"},"modified":"2025-06-09T19:02:14","modified_gmt":"2025-06-09T12:02:14","slug":"dieu-hoa-xiaomi-1-5hp-kfr-35gw-v1a1","status":"publish","type":"product","link":"https:\/\/tivixiaomi.co\/en\/tivi\/dieu-hoa-xiaomi-1-5hp-kfr-35gw-v1a1\/","title":{"rendered":"\u0110i\u1ec1u ho\u00e0 Xiaomi 1.5HP KFR-35GW\/V1A1"},"content":{"rendered":"<p>Thi\u1ebft k\u1ebf hi\u1ec7n \u0111\u1ea1i v\u00e0 sang tr\u1ecdng v\u1edbi gam m\u00e0u tr\u1eafng ch\u1ee7 \u0111\u1ea1o t\u1ea1o n\u00ean v\u1ebb \u0111\u1eb9p tinh t\u1ebf. M\u1eb7t n\u1ea1 cong 3D \u0111\u1ed9c \u0111\u00e1o kh\u00f4ng ch\u1ec9 t\u0103ng c\u01b0\u1eddng hi\u1ec7u qu\u1ea3 l\u01b0u th\u00f4ng kh\u00f4ng kh\u00ed m\u00e0 c\u00f2n mang l\u1ea1i s\u1ef1 kh\u00e1c bi\u1ec7t cho s\u1ea3n ph\u1ea9m. M\u00e0n h\u00ecnh LED hi\u1ec3n th\u1ecb th\u00f4ng tin m\u1ed9t c\u00e1ch r\u00f5 r\u00e0ng, d\u1ec5 d\u00e0ng cho ng\u01b0\u1eddi s\u1eed d\u1ee5ng theo d\u00f5i. C\u00f4ng ngh\u1ec7 Inverter gi\u00fap ti\u1ebft ki\u1ec7m \u0111i\u1ec7n n\u0103ng hi\u1ec7u qu\u1ea3, \u0111\u1ed3ng th\u1eddi \u0111\u1ea3m b\u1ea3o ho\u1ea1t \u0111\u1ed9ng \u00eam \u00e1i v\u00e0 b\u1ec1n b\u1ec9. Ch\u1ebf \u0111\u1ed9 l\u00e0m l\u1ea1nh nhanh cho ph\u00e9p l\u00e0m m\u00e1t kh\u00f4ng gian ch\u1ec9 trong v\u00e0i ph\u00fat, trong khi ch\u1ebf \u0111\u1ed9 s\u01b0\u1edfi \u1ea5m mang l\u1ea1i s\u1ef1 \u1ea5m \u00e1p cho c\u0103n ph\u00f2ng trong m\u00f9a \u0111\u00f4ng. C\u00f4ng ngh\u1ec7 l\u1ecdc kh\u00f4ng kh\u00ed gi\u00fap lo\u1ea1i b\u1ecf b\u1ee5i b\u1ea9n, vi khu\u1ea9n v\u00e0 c\u00e1c ch\u1ea5t g\u00e2y h\u1ea1i (modul n\u00e0y c\u1ea7n mua ri\u00eang). Thi\u1ebft b\u1ecb c\u00f2n \u0111\u01b0\u1ee3c t\u00edch h\u1ee3p c\u00f4ng ngh\u1ec7 \u0111u\u1ed5i mu\u1ed7i (modul n\u00e0y c\u0169ng c\u1ea7n mua ri\u00eang), c\u00f9ng v\u1edbi kh\u1ea3 n\u0103ng k\u1ebft n\u1ed1i wifi cho ph\u00e9p \u0111i\u1ec1u khi\u1ec3n t\u1eeb xa qua \u0111i\u1ec7n tho\u1ea1i th\u00f4ng minh. Cu\u1ed1i c\u00f9ng, ch\u1ebf \u0111\u1ed9 t\u1ef1 l\u00e0m s\u1ea1ch gi\u00fap duy tr\u00ec s\u1ef1 s\u1ea1ch s\u1ebd v\u00e0 hi\u1ec7u qu\u1ea3 ho\u1ea1t \u0111\u1ed9ng c\u1ee7a \u0111i\u1ec1u h\u00f2a.<\/p>\n","protected":false},"excerpt":{"rendered":"<ul>\n<li>Lo\u1ea1i m\u00e1y: 2 chi\u1ec1u (c\u00f3 s\u01b0\u1edfi \u1ea5m)<\/li>\n<li>\n<aside>C\u00f4ng su\u1ea5t l\u00e0m l\u1ea1nh: 1.5HP 12.000BTU<\/aside>\n<\/li>\n<\/ul>\n","protected":false},"featured_media":77963,"comment_status":"open","ping_status":"closed","template":"","meta":[],"product_brand":[],"product_cat":[287,796],"product_tag":[],"class_list":{"0":"post-77962","1":"product","2":"type-product","3":"status-publish","4":"has-post-thumbnail","6":"product_cat-may-lanh-xiaomi","7":"product_cat-may-lanh-xiaomi-thiet-bi-moi-truong-xiaomi","9":"first","10":"instock","11":"sale","12":"shipping-taxable","13":"purchasable","14":"product-type-simple"},"_links":{"self":[{"href":"https:\/\/tivixiaomi.co\/en\/wp-json\/wp\/v2\/product\/77962"}],"collection":[{"href":"https:\/\/tivixiaomi.co\/en\/wp-json\/wp\/v2\/product"}],"about":[{"href":"https:\/\/tivixiaomi.co\/en\/wp-json\/wp\/v2\/types\/product"}],"replies":[{"embeddable":true,"href":"https:\/\/tivixiaomi.co\/en\/wp-json\/wp\/v2\/comments?post=77962"}],"version-history":[{"count":1,"href":"https:\/\/tivixiaomi.co\/en\/wp-json\/wp\/v2\/product\/77962\/revisions"}],"predecessor-version":[{"id":77969,"href":"https:\/\/tivixiaomi.co\/en\/wp-json\/wp\/v2\/product\/77962\/revisions\/77969"}],"wp:featuredmedia":[{"embeddable":true,"href":"https:\/\/tivixiaomi.co\/en\/wp-json\/wp\/v2\/media\/77963"}],"wp:attachment":[{"href":"https:\/\/tivixiaomi.co\/en\/wp-json\/wp\/v2\/media?parent=77962"}],"wp:term":[{"taxonomy":"product_brand","embeddable":true,"href":"https:\/\/tivixiaomi.co\/en\/wp-json\/wp\/v2\/product_brand?post=77962"},{"taxonomy":"product_cat","embeddable":true,"href":"https:\/\/tivixiaomi.co\/en\/wp-json\/wp\/v2\/product_cat?post=77962"},{"taxonomy":"product_tag","embeddable":true,"href":"https:\/\/tivixiaomi.co\/en\/wp-json\/wp\/v2\/product_tag?post=77962"}],"curies":[{"name":"wp","href":"https:\/\/api.w.org\/{rel}","templated":true}]}}