{"id":77970,"date":"2025-05-25T14:56:38","date_gmt":"2025-05-25T07:56:38","guid":{"rendered":"https:\/\/tivixiaomi.co\/?post_type=product&#038;p=77970"},"modified":"2025-06-09T19:00:05","modified_gmt":"2025-06-09T12:00:05","slug":"dieu-hoa-xiaomi-1-5hp-kfr-35gw-n1a1","status":"publish","type":"product","link":"https:\/\/tivixiaomi.co\/en\/tivi\/dieu-hoa-xiaomi-1-5hp-kfr-35gw-n1a1\/","title":{"rendered":"\u0110i\u1ec1u ho\u00e0 Xiaomi 1.5HP KFR-35GW\/N1A1"},"content":{"rendered":"<p>\u0110i\u1ec1u h\u00f2a th\u00f4ng minh 2 chi\u1ec1u Xiaomi Mijia 1.5HP KFR-35GW\/N1A1 mang \u0111\u1ebfn m\u1ed9t thi\u1ebft k\u1ebf tinh t\u1ebf v\u00e0 hi\u1ec7n \u0111\u1ea1i, v\u1edbi m\u00e0u tr\u1eafng \u0111\u1eb7c tr\u01b0ng c\u1ee7a th\u01b0\u01a1ng hi\u1ec7u Xiaomi. V\u1ebb ngo\u00e0i n\u00e0y kh\u00f4ng ch\u1ec9 t\u1ea1o n\u00ean s\u1ef1 sang tr\u1ecdng m\u00e0 c\u00f2n d\u1ec5 d\u00e0ng h\u00f2a h\u1ee3p v\u1edbi m\u1ecdi kh\u00f4ng gian n\u1ed9i th\u1ea5t. H\u01a1n n\u1eefa, t\u00ednh n\u0103ng treo t\u01b0\u1eddng c\u1ee7a m\u00e1y \u0111i\u1ec1u h\u00f2a gi\u00fap ti\u1ebft ki\u1ec7m di\u1ec7n t\u00edch, mang l\u1ea1i s\u1ef1 ti\u1ec7n nghi cho c\u0103n ph\u00f2ng.<\/p>\n<p>Xiaomi Mijia 1.5HP KFR-35GW\/N1A1 \u0111\u01b0\u1ee3c trang b\u1ecb l\u1edbp s\u01a1n m\u1edd b\u1ec1n b\u1ec9, gi\u00fap s\u1ea3n ph\u1ea9m c\u00f3 kh\u1ea3 n\u0103ng ch\u1ed1ng ch\u1ecdi t\u1ed1t v\u1edbi m\u1ecdi \u0111i\u1ec1u ki\u1ec7n th\u1eddi ti\u1ebft. B\u1ea3ng \u0111i\u1ec1u khi\u1ec3n c\u1ee7a m\u00e1y c\u00f3 thi\u1ebft k\u1ebf hi\u1ec7n \u0111\u1ea1i v\u00e0 thanh l\u1ecbch, v\u1edbi m\u00e0n h\u00ecnh LED l\u1edbn hi\u1ec3n th\u1ecb th\u00f4ng tin r\u00f5 r\u00e0ng.<\/p>\n<p>\u0110i\u1ec1u h\u00f2a th\u00f4ng minh 2 chi\u1ec1u Xiaomi Mijia 1.5HP KFR-35GW\/N1A1 c\u00f3 kh\u1ea3 n\u0103ng l\u00e0m l\u1ea1nh ch\u1ec9 trong 30 gi\u00e2y v\u00e0 l\u00e0m n\u00f3ng trong 60 gi\u00e2y, nhanh ch\u00f3ng t\u1ea1o ra kh\u00f4ng gian tho\u1ea3i m\u00e1i. \u0110i\u1ec1u n\u00e0y nh\u1edd v\u00e0o c\u00f4ng ngh\u1ec7 t\u1ed1i \u01b0u h\u00f3a \u0111i\u1ec1u khi\u1ec3n c\u00e1c b\u1ed9 ph\u1eadn c\u1ee7a m\u00e1y. H\u1ec7 th\u1ed1ng \u1ed1ng d\u1eabn kh\u00ed hi\u1ec7u su\u1ea5t cao, k\u1ebft h\u1ee3p v\u1edbi thi\u1ebft k\u1ebf tinh t\u1ebf, gi\u00fap c\u1eeda tho\u00e1t kh\u00ed ho\u1ea1t \u0111\u1ed9ng hi\u1ec7u qu\u1ea3, \u0111\u1ea3m b\u1ea3o kh\u1ea3 n\u0103ng l\u00e0m m\u00e1t v\u00e0 s\u01b0\u1edfi \u1ea5m nhanh ch\u00f3ng ch\u1ec9 trong v\u00e0i gi\u00e2y.<\/p>\n<p>M\u00e1y \u0111i\u1ec1u h\u00f2a Xiaomi Mijia 1.5HP KFR-35GW\/N1A3 \u0111\u01b0\u1ee3c trang b\u1ecb 14 l\u01b0\u1ee1i qu\u00e9t c\u00f9ng v\u1edbi 602 l\u1ed7 si\u00eau nh\u1ecf h\u00ecnh tr\u00f2n, t\u1ea1o ra lu\u1ed3ng kh\u00ed m\u00e1t d\u1ecbu d\u00e0ng, gi\u00fap ng\u0103n ch\u1eb7n t\u00ecnh tr\u1ea1ng gi\u00f3 l\u1ea1nh th\u1ed5i tr\u1ef1c ti\u1ebfp v\u00e0o c\u01a1 th\u1ec3. \u0110i\u1ec1u n\u00e0y r\u1ea5t quan tr\u1ecdng cho vi\u1ec7c ch\u0103m s\u00f3c tr\u1ebb nh\u1ecf, ph\u1ee5 n\u1eef mang thai, ng\u01b0\u1eddi cao tu\u1ed5i v\u00e0 nh\u1eefng ng\u01b0\u1eddi c\u00f3 s\u1ee9c kh\u1ecfe y\u1ebfu trong gia \u0111\u00ecnh, mang l\u1ea1i m\u1ed9t kh\u00f4ng gian m\u00e1t m\u1ebb, tho\u1ea3i m\u00e1i v\u00e0 an to\u00e0n h\u01a1n. M\u00e1y c\u00f3 hai ch\u1ebf \u0111\u1ed9 nhi\u1ec7t l\u00e0 l\u00e0m \u1ea5m v\u00e0 l\u00e0m m\u00e1t, cho ph\u00e9p b\u1ea1n s\u1eed d\u1ee5ng su\u1ed1t c\u1ea3 b\u1ed1n m\u00f9a m\u00e0 kh\u00f4ng c\u1ea7n ph\u1ea3i \u0111\u1ea7u t\u01b0 th\u00eam v\u00e0o m\u00e1y s\u01b0\u1edfi cho m\u00f9a \u0111\u00f4ng.<\/p>\n<p>\u0110i\u1ec1u h\u00f2a n\u00e0y \u0111\u01b0\u1ee3c trang b\u1ecb c\u00f4ng ngh\u1ec7 n\u00e9n bi\u1ebfn t\u1ea7n DC, cho ph\u00e9p \u0111i\u1ec1u ch\u1ec9nh nhi\u1ec7t \u0111\u1ed9 nhanh ch\u00f3ng h\u01a1n so v\u1edbi c\u00e1c lo\u1ea1i m\u00e1y \u0111i\u1ec1u h\u00f2a th\u00f4ng th\u01b0\u1eddng. V\u1edbi s\u1ef1 h\u1ed7 tr\u1ee3 c\u1ee7a m\u1ed9t chi\u1ebfc qu\u1ea1t l\u1edbn, m\u00e1y t\u1ea1o ra lu\u1ed3ng kh\u00f4ng kh\u00ed m\u1ea1nh m\u1ebd \u0111i qua h\u1ec7 th\u1ed1ng \u1ed1ng d\u1eabn kh\u00ed c\u00f3 thi\u1ebft k\u1ebf \u0111\u1eb7c bi\u1ec7t, gi\u00fap \u0111i\u1ec1u ch\u1ec9nh t\u1ed1c \u0111\u1ed9 tho\u00e1t ra c\u1ee7a kh\u00f4ng kh\u00ed. \u0110i\u1ec1u n\u00e0y mang l\u1ea1i d\u00f2ng ch\u1ea3y m\u1ea1nh m\u1ebd nh\u01b0ng v\u1eabn \u00eam \u00e1i. Nh\u1edd v\u00e0o c\u00f4ng su\u1ea5t cao, thi\u1ebft b\u1ecb n\u00e0y c\u00f3 kh\u1ea3 n\u0103ng gi\u1eef \u1ea5m hi\u1ec7u qu\u1ea3 trong nh\u1eefng ng\u00e0y \u0111\u00f4ng l\u1ea1nh gi\u00e1 v\u00e0 mang l\u1ea1i s\u1ef1 tho\u1ea3i m\u00e1i trong nh\u1eefng ng\u00e0y h\u00e8 oi \u1ea3.<\/p>\n<p><strong>C\u00f4ng ngh\u1ec7 gi\u1ea3m ti\u1ebfng \u1ed3n<\/strong><\/p>\n<p>M\u00e1y \u0111i\u1ec1u h\u00f2a Xiaomi Mijia 1.5HP KFR-35GW\/N1A1 c\u00f3 ch\u1ec9 s\u1ed1 \u0111\u1ed9 \u1ed3n c\u1ee7a c\u1ee5c l\u1ea1nh r\u1ea5t th\u1ea5p, cho ph\u00e9p m\u00e1y ho\u1ea1t \u0111\u1ed9ng g\u1ea7n nh\u01b0 im l\u1eb7ng, kh\u00f4ng g\u00e2y ra ti\u1ebfng \u1ed3n kh\u00f3 ch\u1ecbu cho ng\u01b0\u1eddi s\u1eed d\u1ee5ng. \u0110i\u1ec1u n\u00e0y mang l\u1ea1i m\u1ed9t kh\u00f4ng gian y\u00ean t\u0129nh v\u00e0 d\u1ec5 ch\u1ecbu trong ng\u00f4i nh\u00e0, gi\u00fap b\u1ea1n v\u00e0 gia \u0111\u00ecnh t\u1eadn h\u01b0\u1edfng cu\u1ed9c s\u1ed1ng m\u1ed9t c\u00e1ch tr\u1ecdn v\u1eb9n h\u01a1n.<\/p>\n<p>\u0110i\u1ec1u h\u00f2a kh\u00f4ng kh\u00ed c\u00f3 kh\u1ea3 n\u0103ng t\u1ea1o ra m\u1ed9t &#8220;kh\u00f4ng gian d\u1ec5 ch\u1ecbu&#8221; trong ng\u00f4i nh\u00e0 th\u00f4ng qua vi\u1ec7c \u00e1p d\u1ee5ng c\u00f4ng ngh\u1ec7 ki\u1ec3m so\u00e1t nhi\u1ec7t \u0111\u1ed9 v\u00e0 \u0111\u1ed9 \u1ea9m \u0111\u1ed3ng th\u1eddi. Vi\u1ec7c \u0111i\u1ec1u ch\u1ec9nh c\u1ea3 \u0111\u1ed9 \u1ea9m l\u1eabn nhi\u1ec7t \u0111\u1ed9, \u0111\u1eb7c bi\u1ec7t khi k\u1ebft h\u1ee3p v\u1edbi m\u00e1y t\u1ea1o \u0111\u1ed9 \u1ea9m, gi\u00fap b\u1ea1n d\u1ec5 d\u00e0ng v\u01b0\u1ee3t qua nh\u1eefng c\u1ea3m gi\u00e1c kh\u00f3 ch\u1ecbu trong nh\u1eefng ng\u00e0y m\u00f9a kh\u00f4 hay \u1ea9m \u01b0\u1edbt.<\/p>\n<p>Thi\u1ebft b\u1ecb n\u00e0y c\u00f3 kh\u1ea3 n\u0103ng gi\u1eef n\u01b0\u1edbc v\u00e0 ki\u1ec3m so\u00e1t \u0111\u1ed9 \u1ea9m trong m\u00f9a kh\u00f4, gi\u00fap gi\u1ea3m thi\u1ec3u t\u00ecnh tr\u1ea1ng m\u1ea5t n\u01b0\u1edbc v\u00e0 duy tr\u00ec \u0111\u1ed9 \u1ea9m l\u00fd t\u01b0\u1edfng cho kh\u00f4ng gian s\u1ed1ng c\u1ee7a b\u1ea1n. Trong m\u00f9a m\u01b0a, n\u00f3 c\u0169ng ho\u1ea1t \u0111\u1ed9ng hi\u1ec7u qu\u1ea3 trong vi\u1ec7c h\u00fat \u1ea9m, mang l\u1ea1i c\u1ea3m gi\u00e1c kh\u00f4 r\u00e1o v\u00e0 tho\u1ea3i m\u00e1i su\u1ed1t c\u1ea3 ng\u00e0y. Nh\u1edd \u0111\u00f3, m\u00f4i tr\u01b0\u1eddng s\u1ed1ng c\u1ee7a b\u1ea1n v\u00e0 gia \u0111\u00ecnh tr\u1edf n\u00ean l\u00fd t\u01b0\u1edfng h\u01a1n.<\/p>\n<p>V\u1ec1 c\u00f4ng ngh\u1ec7 ti\u1ebft ki\u1ec7m \u0111i\u1ec7n, m\u00e1y \u0111i\u1ec1u h\u00f2a v\u1edbi ch\u1ec9 s\u1ed1 APF \u0111\u1ea1t 5,27 \u0111\u1ea3m b\u1ea3o hi\u1ec7u su\u1ea5t cao v\u00e0 ti\u1ebft ki\u1ec7m n\u0103ng l\u01b0\u1ee3ng. \u0110\u00e2y l\u00e0 m\u1ed9t b\u01b0\u1edbc ti\u1ebfn quan tr\u1ecdng trong l\u0129nh v\u1ef1c ti\u1ebft ki\u1ec7m n\u0103ng l\u01b0\u1ee3ng, cho ph\u00e9p m\u00e1y ti\u1ebft ki\u1ec7m l\u00ean \u0111\u1ebfn 205 kilowatt gi\u1edd \u0111i\u1ec7n trong su\u1ed1t m\u1ed9t n\u0103m so v\u1edbi ba m\u1ee9c ti\u1ebft ki\u1ec7m n\u0103ng l\u01b0\u1ee3ng kh\u00e1c. Kh\u1ea3 n\u0103ng kh\u1edfi \u0111\u1ed9ng m\u00e1y \u0111i\u1ec1u h\u00f2a b\u1ea5t c\u1ee9 l\u00fac n\u00e0o mang l\u1ea1i s\u1ef1 tho\u1ea3i m\u00e1i ngay l\u1eadp t\u1ee9c, gi\u00fap b\u1ea1n t\u1eadn h\u01b0\u1edfng kh\u00f4ng gian m\u00e1t m\u1ebb m\u1ecdi l\u00fac, m\u1ecdi n\u01a1i.<\/p>\n<p>\u0110i\u1ec1u h\u00f2a kh\u00f4ng ch\u1ec9 c\u00f3 kh\u1ea3 n\u0103ng \u0111i\u1ec1u ch\u1ec9nh nhi\u1ec7t \u0111\u1ed9 m\u00e0 c\u00f2n t\u00edch h\u1ee3p ch\u1ee9c n\u0103ng \u0111i\u1ec1u khi\u1ec3n \u00e1nh s\u00e1ng th\u00f4ng minh, b\u1ea3o v\u1ec7 gi\u1ea5c ng\u1ee7 c\u1ee7a b\u1ea1n su\u1ed1t \u0111\u00eam. V\u1edbi c\u1ea3m bi\u1ebfn quang h\u1ecdc, thi\u1ebft b\u1ecb t\u1ef1 \u0111\u1ed9ng \u0111i\u1ec1u ch\u1ec9nh \u0111\u1ed9 s\u00e1ng, t\u1ea1o ra m\u00f4i tr\u01b0\u1eddng ng\u1ee7 l\u00fd t\u01b0\u1edfng, gi\u00fap b\u1ea1n c\u00f3 gi\u1ea5c ng\u1ee7 s\u00e2u v\u00e0 \u00eam \u00e1i h\u01a1n.<\/p>\n<p>Ngo\u00e0i ra, \u0111i\u1ec1u h\u00f2a c\u00f2n \u0111\u01b0\u1ee3c trang b\u1ecb t\u00ednh n\u0103ng l\u00e0m s\u1ea1ch t\u1ef1 \u0111\u1ed9ng, cho ph\u00e9p m\u00e1y t\u1ef1 \u0111\u1ed9ng v\u1ec7 sinh t\u1eebng b\u1ed9 ph\u1eadn v\u00e0 s\u1ea5y kh\u00f4 \u1edf nhi\u1ec7t \u0111\u1ed9 cao l\u00ean \u0111\u1ebfn 56 \u0111\u1ed9 C, hi\u1ec7u qu\u1ea3 trong vi\u1ec7c lo\u1ea1i b\u1ecf vi khu\u1ea9n b\u00e1m tr\u00ean b\u1ec1 m\u1eb7t.<\/p>\n<p>T\u00ednh n\u0103ng n\u00e0y s\u1ebd gi\u00fap d\u00e0n l\u1ea1nh \u0111\u01b0\u1ee3c l\u00e0m kh\u00f4 sau m\u1ed7i l\u1ea7n s\u1eed d\u1ee5ng, t\u1eeb \u0111\u00f3 ti\u00eau di\u1ec7t vi khu\u1ea9n v\u00e0 n\u1ea5m m\u1ed1c, t\u1ea1o ra kh\u00f4ng kh\u00ed trong l\u00e0nh v\u00e0 b\u1ea3o v\u1ec7 s\u1ee9c kh\u1ecfe ng\u01b0\u1eddi d\u00f9ng. H\u01a1n n\u1eefa, vi\u1ec7c gi\u1eef cho d\u00e0n l\u1ea1nh kh\u00f4 r\u00e1o c\u00f2n ng\u0103n ch\u1eb7n s\u1ef1 ph\u00e1t tri\u1ec3n c\u1ee7a vi khu\u1ea9n v\u00e0 n\u1ea5m m\u1ed1c, \u0111\u1ed3ng th\u1eddi l\u00e0m cho c\u00f4ng vi\u1ec7c v\u1ec7 sinh tr\u1edf n\u00ean d\u1ec5 d\u00e0ng v\u00e0 ti\u1ebft ki\u1ec7m th\u1eddi gian h\u01a1n, g\u00f3p ph\u1ea7n n\u00e2ng cao tu\u1ed5i th\u1ecd c\u1ee7a \u0111i\u1ec1u h\u00f2a.<\/p>\n<p>\u0110i\u1ec1u h\u00f2a c\u00f3 kh\u1ea3 n\u0103ng k\u1ebft n\u1ed1i v\u00e0 \u0111i\u1ec1u khi\u1ec3n th\u00f4ng qua smartphone, cho ph\u00e9p ng\u01b0\u1eddi d\u00f9ng \u0111i\u1ec1u ch\u1ec9nh nhi\u1ec7t \u0111\u1ed9 v\u00e0 c\u1ea3m bi\u1ebfn nhi\u1ec7t \u0111\u1ed9, t\u1ef1 \u0111\u1ed9ng b\u1eadt, t\u1eaft v\u00e0 chuy\u1ec3n \u0111\u1ed5i ch\u1ebf \u0111\u1ed9 d\u1ef1a tr\u00ean d\u1eef li\u1ec7u nh\u1eadn \u0111\u01b0\u1ee3c t\u1eeb \u1ee9ng d\u1ee5ng Mija m\u1ecdi l\u00fac, m\u1ecdi n\u01a1i. B\u1ea1n c\u00f3 th\u1ec3 d\u1ec5 d\u00e0ng b\u1eadt \u0111i\u1ec1u h\u00f2a khi \u0111ang \u1edf n\u01a1i l\u00e0m vi\u1ec7c, \u0111\u1ec3 khi tr\u1edf v\u1ec1, kh\u00f4ng gian s\u1ed1ng \u0111\u00e3 \u0111\u01b0\u1ee3c l\u00e0m m\u00e1t tho\u1ea3i m\u00e1i.<\/p>\n<p>&nbsp;<\/p>\n","protected":false},"excerpt":{"rendered":"<ul>\n<li>Lo\u1ea1i m\u00e1y: 2 chi\u1ec1u (c\u00f3 s\u01b0\u1edfi \u1ea5m)<\/li>\n<li>\n<aside>C\u00f4ng su\u1ea5t l\u00e0m l\u1ea1nh: 1.5HP 12.000BTU<\/aside>\n<aside><\/aside>\n<aside><\/aside>\n<\/li>\n<\/ul>\n","protected":false},"featured_media":77971,"comment_status":"open","ping_status":"closed","template":"","meta":[],"product_brand":[740],"product_cat":[287,796],"product_tag":[],"class_list":{"0":"post-77970","1":"product","2":"type-product","3":"status-publish","4":"has-post-thumbnail","6":"product_brand-xiaomi","7":"product_cat-may-lanh-xiaomi","8":"product_cat-may-lanh-xiaomi-thiet-bi-moi-truong-xiaomi","10":"first","11":"instock","12":"sale","13":"shipping-taxable","14":"purchasable","15":"product-type-simple"},"_links":{"self":[{"href":"https:\/\/tivixiaomi.co\/en\/wp-json\/wp\/v2\/product\/77970"}],"collection":[{"href":"https:\/\/tivixiaomi.co\/en\/wp-json\/wp\/v2\/product"}],"about":[{"href":"https:\/\/tivixiaomi.co\/en\/wp-json\/wp\/v2\/types\/product"}],"replies":[{"embeddable":true,"href":"https:\/\/tivixiaomi.co\/en\/wp-json\/wp\/v2\/comments?post=77970"}],"version-history":[{"count":1,"href":"https:\/\/tivixiaomi.co\/en\/wp-json\/wp\/v2\/product\/77970\/revisions"}],"predecessor-version":[{"id":77973,"href":"https:\/\/tivixiaomi.co\/en\/wp-json\/wp\/v2\/product\/77970\/revisions\/77973"}],"wp:featuredmedia":[{"embeddable":true,"href":"https:\/\/tivixiaomi.co\/en\/wp-json\/wp\/v2\/media\/77971"}],"wp:attachment":[{"href":"https:\/\/tivixiaomi.co\/en\/wp-json\/wp\/v2\/media?parent=77970"}],"wp:term":[{"taxonomy":"product_brand","embeddable":true,"href":"https:\/\/tivixiaomi.co\/en\/wp-json\/wp\/v2\/product_brand?post=77970"},{"taxonomy":"product_cat","embeddable":true,"href":"https:\/\/tivixiaomi.co\/en\/wp-json\/wp\/v2\/product_cat?post=77970"},{"taxonomy":"product_tag","embeddable":true,"href":"https:\/\/tivixiaomi.co\/en\/wp-json\/wp\/v2\/product_tag?post=77970"}],"curies":[{"name":"wp","href":"https:\/\/api.w.org\/{rel}","templated":true}]}}