{"id":77974,"date":"2025-05-25T15:18:11","date_gmt":"2025-05-25T08:18:11","guid":{"rendered":"https:\/\/tivixiaomi.co\/?post_type=product&#038;p=77974"},"modified":"2025-06-09T19:00:58","modified_gmt":"2025-06-09T12:00:58","slug":"dieu-hoa-xiaomi-1-5hp-kfr-35gw-n1a3","status":"publish","type":"product","link":"https:\/\/tivixiaomi.co\/en\/tivi\/dieu-hoa-xiaomi-1-5hp-kfr-35gw-n1a3\/","title":{"rendered":"\u0110i\u1ec1u ho\u00e0 Xiaomi 1.5HP KFR-35GW\/N1A3"},"content":{"rendered":"<h2>\u0110i\u1ec1u ho\u00e0 Xiaomi 1.5HP KFR-35GW\/N1A3 &#8211; V\u00f4 \u0111\u1ecbch trong t\u1ea7m gi\u00e1<\/h2>\n<p>\u0110i\u1ec1u ho\u00e0 Xiaomi l\u00e0 th\u01b0\u01a1ng hi\u1ec7u m\u00e1y l\u1ea1nh th\u00f4ng minh ph\u1ed5 bi\u1ebfn t\u1ea1i Vi\u1ec7t Nam. Trong s\u1ed1 \u0111\u00f3, \u0110i\u1ec1u ho\u00e0 Xiaomi 1.5HP KFR-35GW\/N1A3 \u0111\u01b0\u1ee3c \u01b0a chu\u1ed9ng nh\u1ea5t nh\u1edd v\u00e0o c\u00e1c c\u1ea3i ti\u1ebfn hi\u1ec7n \u0111\u1ea1i nh\u01b0: c\u00f4ng ngh\u1ec7 thay \u0111\u1ed5i nhi\u1ec7t \u0111\u1ed9 m\u00e1t v\u00e0 \u1ea5m nhanh ch\u00f3ng, t\u00edch h\u1ee3p c\u00f4ng ngh\u1ec7 <a href=\"https:\/\/fptshop.com.vn\/tin-tuc\/danh-gia\/tro-ly-ao-xiao-ai-la-gi-moi-thu-ban-can-biet-ve-tro-ly-ao-cua-xiaomi-146743\" target=\"_blank\" rel=\"noopener\">Xiao Ai<\/a>, ti\u1ebft ki\u1ec7m n\u0103ng l\u01b0\u1ee3ng \u0111\u1ebfn 10,4%, v\u00e0 ho\u1ea1t \u0111\u1ed9ng \u00edt ti\u1ebfng \u1ed3n.<\/p>\n<h3>Ngo\u1ea1i h\u00ecnh thanh l\u1ecbch, d\u1ec5 s\u1eed d\u1ee5ng<\/h3>\n<p><a href=\"https:\/\/tivixiaomi.co\/tivi\/dieu-hoa-xiaomi-1-5hp-kfr-35gw-n1a3\/\">\u0110i\u1ec1u ho\u00e0 Xiaomi 1.5HP KFR-35GW\/N1A3<\/a> c\u00f3 thi\u1ebft k\u1ebf thanh l\u1ecbch v\u00e0 sang tr\u1ecdng v\u1edbi s\u1eafc tr\u1eafng \u0111\u1eb7c tr\u01b0ng c\u1ee7a c\u00e1c s\u1ea3n ph\u1ea9m Xiaomi. Thi\u1ebft k\u1ebf n\u00e0y gi\u00fap cho chi\u1ebfc \u0111i\u1ec1u h\u00f2a ph\u00f9 h\u1ee3p v\u1edbi m\u1ecdi kh\u00f4ng gian nh\u00e0 \u1edf. \u0110i\u1ec1u h\u00f2a c\u00f3 th\u1ec3 \u0111\u01b0\u1ee3c treo ch\u1eafc ch\u1eafn tr\u00ean t\u01b0\u1eddng gi\u00fap ti\u1ebft ki\u1ec7m kh\u00f4ng gian ph\u00f2ng.<\/p>\n<h3>L\u1edbp s\u01a1n m\u1edd t\u0103ng \u0111\u1ed9 b\u1ec1n<\/h3>\n<p>Gi\u00fap chi\u1ebfc \u0111i\u1ec1u h\u00f2a c\u00f3 th\u1ec3 ch\u1ed1ng ch\u1ecbu b\u1ec1n b\u1ec9 v\u1edbi m\u1ecdi lo\u1ea1i th\u1eddi ti\u1ebft. B\u1ea3ng \u0111i\u1ec1u khi\u1ec3n tr\u00ean m\u00e1y \u0111\u01b0\u1ee3c thi\u1ebft k\u1ebf trang nh\u00e3 v\u00e0 th\u1eddi trang, m\u00e0n h\u00ecnh LED to hi\u1ec3n th\u1ecb r\u00f5 r\u00e0ng v\u00e0 \u0111\u1ea7y \u0111\u1ee7.<\/p>\n<p>B\u1ea3ng \u0111i\u1ec1u khi\u1ec3n c\u1ee7a m\u00e1y c\u00f3 13 n\u00fat d\u1ec5 d\u00e0ng s\u1eed d\u1ee5ng. C\u1ea5u t\u1ea1o c\u1ee7a \u0111i\u1ec1u khi\u1ec3n g\u1ed3m c\u00f3 2 ph\u1ea7n l\u00e0 m\u00e0n h\u00ecnh hi\u1ec3n th\u1ecb nhi\u1ec7t \u0111\u1ed9, ch\u1ebf \u0111\u1ed9 ho\u1ea1t \u0111\u1ed9ng v\u00e0 c\u00e1c n\u00fat ch\u1ee9c n\u0103ng. M\u00e1y ho\u1ea1t \u0111\u1ed9ng trong kh\u00f4ng gian l\u00fd t\u01b0\u1edfng t\u1eeb 10m2 \u0111\u1ebfn 15m2.<\/p>\n<h3>Thay \u0111\u1ed5i nhi\u1ec7t \u0111\u1ed9 nhanh ch\u00f3ng<\/h3>\n<p><a href=\"https:\/\/tivixiaomi.co\/danh-muc\/may-lanh-xiaomi\/\">\u0110i\u1ec1u ho\u00e0 Xiaomi 1.5HP<\/a> KFR-35GW\/N1A3 c\u00f3 2 ch\u1ebf \u0111\u1ed9 nhi\u1ec7t \u0111\u00f3 l\u00e0 l\u00e0m \u1ea5m v\u00e0 l\u00e0m m\u00e1t. V\u00ec v\u1eady, b\u1ea1n c\u00f3 th\u1ec3 d\u00f9ng \u0111i\u1ec1u h\u00f2a c\u1ea3 4 m\u00f9a trong n\u0103m m\u00e0 kh\u00f4ng c\u1ea7n mua th\u00eam m\u00e1y s\u01b0\u1edfi v\u00e0o m\u00f9a \u0111\u00f4ng.<\/p>\n<h3>C\u00f4ng ngh\u1ec7 n\u00e9n bi\u1ebfn t\u1ea7n DC<\/h3>\n<p>Gi\u00fap thay \u0111\u1ed5i nhi\u1ec7t \u0111\u1ed9 nhanh h\u01a1n c\u00e1c d\u00f2ng m\u00e1y \u0111i\u1ec1u h\u00f2a th\u00f4ng th\u01b0\u1eddng tr\u00ean th\u1ecb tr\u01b0\u1eddng hi\u1ec7n nay. \u0110\u1ec3 gi\u1ea3m ho\u1eb7c t\u0103ng nhi\u1ec7t \u0111\u1ed9 m\u1ed9t c\u00e1ch nhanh ch\u00f3ng, nh\u00e0 s\u1ea3n xu\u1ea5t \u0111\u00e3 s\u1eed d\u1ee5ng m\u1ed9t chi\u1ebfc qu\u1ea1t l\u1edbn \u0111\u1ec3 t\u1ea1o ra lu\u1ed3ng kh\u00f4ng kh\u00ed c\u1ef1c m\u1ea1nh \u0111i qua h\u1ec7 th\u1ed1ng \u1ed1ng d\u1eabn kh\u00ed c\u00f3 b\u1ed9 ph\u1eadn l\u00e0m h\u01b0\u1edbng tr\u1ee5c \u0111\u01b0\u1ee3c t\u1ea1o ra theo h\u00ecnh d\u1ea1ng \u0111\u1eb7c bi\u1ec7t.<\/p>\n<h3>C\u00f4ng ngh\u1ec7 l\u1ecdc kh\u00f4ng kh\u00ed<\/h3>\n<p>B\u1ed9 l\u1ecdc kh\u00e1ng khu\u1ea9n cao v\u00e0 ch\u1ed1ng n\u1ea5m m\u1ed1c tr\u00ean <a href=\"https:\/\/tivixiaomi.co\/danh-muc\/may-lanh-xiaomi\/\">\u0110i\u1ec1u ho\u00e0 Xiaomi<\/a> 1.5HP KFR-35GW\/N1A3 ho\u1ea1t \u0111\u1ed9ng hi\u1ec7u qu\u1ea3 gi\u00fap kh\u00f4ng kh\u00ed th\u1ed5i ra lu\u00f4n trong l\u00e0nh, \u0111\u1ea3m b\u1ea3o an to\u00e0n cho s\u1ee9c kh\u1ecfe c\u1ee7a ng\u01b0\u1eddi d\u00f9ng.<\/p>\n<h3>C\u00f4ng ngh\u1ec7 gi\u1ea3m \u1ed3n<\/h3>\n<p>Ch\u1ec9 s\u1ed1 \u0111\u1ed9 \u1ed3n c\u1ee7a c\u1ee5c l\u1ea1nh ch\u1ec9 dao \u0111\u1ed9ng \u1edf kho\u1ea3ng 23dB, trong khi \u0111\u00f3 c\u1ee5c n\u00f3ng c\u0169ng ch\u1ec9 \u1edf m\u1ee9<\/p>\n","protected":false},"excerpt":{"rendered":"<p>\u0110i\u1ec1u ho\u00e0 Xiaomi 1.5HP KFR-35GW\/N1A3 &#8211; V\u00f4 \u0111\u1ecbch trong t\u1ea7m gi\u00e1 \u0110i\u1ec1u ho\u00e0 Xiaomi l\u00e0 th\u01b0\u01a1ng hi\u1ec7u m\u00e1y l\u1ea1nh th\u00f4ng minh ph\u1ed5 bi\u1ebfn t\u1ea1i Vi\u1ec7t Nam. Trong s\u1ed1 \u0111\u00f3, \u0110i\u1ec1u ho\u00e0 Xiaomi 1.5HP KFR-35GW\/N1A3 \u0111\u01b0\u1ee3c \u01b0a chu\u1ed9ng nh\u1ea5t nh\u1edd v\u00e0o c\u00e1c c\u1ea3i ti\u1ebfn hi\u1ec7n \u0111\u1ea1i nh\u01b0: c\u00f4ng ngh\u1ec7 thay \u0111\u1ed5i nhi\u1ec7t \u0111\u1ed9 m\u00e1t v\u00e0 \u1ea5m nhanh ch\u00f3ng, t\u00edch h\u1ee3p c\u00f4ng ngh\u1ec7 Xiao Ai, ti\u1ebft ki\u1ec7m n\u0103ng l\u01b0\u1ee3ng \u0111\u1ebfn 10,4%, v\u00e0 ho\u1ea1t \u0111\u1ed9ng \u00edt ti\u1ebfng \u1ed3n. Ngo\u1ea1i h\u00ecnh thanh l\u1ecbch, d\u1ec5 s\u1eed d\u1ee5ng \u0110i\u1ec1u ho\u00e0 Xiaomi 1.5HP KFR-35GW\/N1A3 c\u00f3 thi\u1ebft k\u1ebf thanh l\u1ecbch v\u00e0 sang tr\u1ecdng v\u1edbi s\u1eafc tr\u1eafng \u0111\u1eb7c tr\u01b0ng c\u1ee7a c\u00e1c s\u1ea3n ph\u1ea9m Xiaomi. Thi\u1ebft k\u1ebf n\u00e0y gi\u00fap cho chi\u1ebfc \u0111i\u1ec1u h\u00f2a ph\u00f9 h\u1ee3p v\u1edbi m\u1ecdi kh\u00f4ng gian nh\u00e0 \u1edf. \u0110i\u1ec1u h\u00f2a c\u00f3 th\u1ec3 \u0111\u01b0\u1ee3c treo ch\u1eafc ch\u1eafn tr\u00ean t\u01b0\u1eddng gi\u00fap ti\u1ebft ki\u1ec7m kh\u00f4ng gian ph\u00f2ng. L\u1edbp s\u01a1n m\u1edd t\u0103ng \u0111\u1ed9 b\u1ec1n Gi\u00fap chi\u1ebfc \u0111i\u1ec1u h\u00f2a c\u00f3 th\u1ec3 ch\u1ed1ng ch\u1ecbu b\u1ec1n b\u1ec9 v\u1edbi m\u1ecdi lo\u1ea1i th\u1eddi ti\u1ebft. B\u1ea3ng \u0111i\u1ec1u khi\u1ec3n tr\u00ean m\u00e1y \u0111\u01b0\u1ee3c thi\u1ebft k\u1ebf trang nh\u00e3 v\u00e0 th\u1eddi trang, m\u00e0n h\u00ecnh LED to hi\u1ec3n th\u1ecb r\u00f5 r\u00e0ng v\u00e0 \u0111\u1ea7y \u0111\u1ee7. B\u1ea3ng \u0111i\u1ec1u khi\u1ec3n c\u1ee7a m\u00e1y c\u00f3 13 n\u00fat d\u1ec5 d\u00e0ng s\u1eed d\u1ee5ng. C\u1ea5u t\u1ea1o c\u1ee7a \u0111i\u1ec1u khi\u1ec3n g\u1ed3m c\u00f3 2 ph\u1ea7n l\u00e0 m\u00e0n h\u00ecnh hi\u1ec3n th\u1ecb nhi\u1ec7t \u0111\u1ed9, ch\u1ebf \u0111\u1ed9 ho\u1ea1t \u0111\u1ed9ng v\u00e0 c\u00e1c n\u00fat ch\u1ee9c n\u0103ng. M\u00e1y ho\u1ea1t \u0111\u1ed9ng trong kh\u00f4ng gian l\u00fd t\u01b0\u1edfng t\u1eeb 10m2 \u0111\u1ebfn 15m2. Thay \u0111\u1ed5i nhi\u1ec7t \u0111\u1ed9 nhanh ch\u00f3ng \u0110i\u1ec1u ho\u00e0 Xiaomi 1.5HP KFR-35GW\/N1A3 c\u00f3 2 ch\u1ebf \u0111\u1ed9 nhi\u1ec7t \u0111\u00f3 l\u00e0 l\u00e0m \u1ea5m v\u00e0 l\u00e0m m\u00e1t. V\u00ec v\u1eady, b\u1ea1n c\u00f3 th\u1ec3 d\u00f9ng \u0111i\u1ec1u h\u00f2a c\u1ea3 4 m\u00f9a trong n\u0103m m\u00e0 kh\u00f4ng c\u1ea7n mua th\u00eam m\u00e1y s\u01b0\u1edfi v\u00e0o m\u00f9a \u0111\u00f4ng. C\u00f4ng ngh\u1ec7 n\u00e9n bi\u1ebfn t\u1ea7n DC Gi\u00fap thay \u0111\u1ed5i nhi\u1ec7t \u0111\u1ed9 nhanh h\u01a1n c\u00e1c d\u00f2ng m\u00e1y \u0111i\u1ec1u h\u00f2a th\u00f4ng th\u01b0\u1eddng tr\u00ean th\u1ecb tr\u01b0\u1eddng hi\u1ec7n nay. \u0110\u1ec3 gi\u1ea3m ho\u1eb7c t\u0103ng nhi\u1ec7t \u0111\u1ed9 m\u1ed9t c\u00e1ch nhanh ch\u00f3ng, nh\u00e0 s\u1ea3n xu\u1ea5t \u0111\u00e3 s\u1eed d\u1ee5ng m\u1ed9t chi\u1ebfc qu\u1ea1t l\u1edbn \u0111\u1ec3 t\u1ea1o ra lu\u1ed3ng kh\u00f4ng kh\u00ed c\u1ef1c m\u1ea1nh \u0111i qua h\u1ec7 th\u1ed1ng \u1ed1ng d\u1eabn kh\u00ed c\u00f3 b\u1ed9 ph\u1eadn l\u00e0m h\u01b0\u1edbng tr\u1ee5c \u0111\u01b0\u1ee3c t\u1ea1o ra theo h\u00ecnh d\u1ea1ng \u0111\u1eb7c bi\u1ec7t. C\u00f4ng ngh\u1ec7 l\u1ecdc kh\u00f4ng kh\u00ed B\u1ed9 l\u1ecdc kh\u00e1ng khu\u1ea9n cao v\u00e0 ch\u1ed1ng n\u1ea5m m\u1ed1c tr\u00ean \u0110i\u1ec1u ho\u00e0 Xiaomi 1.5HP KFR-35GW\/N1A3 ho\u1ea1t \u0111\u1ed9ng hi\u1ec7u qu\u1ea3 gi\u00fap kh\u00f4ng kh\u00ed th\u1ed5i ra lu\u00f4n trong l\u00e0nh, \u0111\u1ea3m b\u1ea3o an to\u00e0n cho s\u1ee9c kh\u1ecfe c\u1ee7a ng\u01b0\u1eddi d\u00f9ng. C\u00f4ng ngh\u1ec7 gi\u1ea3m \u1ed3n Ch\u1ec9 s\u1ed1 \u0111\u1ed9 \u1ed3n c\u1ee7a c\u1ee5c l\u1ea1nh ch\u1ec9 dao \u0111\u1ed9ng \u1edf kho\u1ea3ng 23dB, trong khi \u0111\u00f3 c\u1ee5c n\u00f3ng c\u0169ng ch\u1ec9 \u1edf m\u1ee9<\/p>\n","protected":false},"featured_media":77975,"comment_status":"open","ping_status":"closed","template":"","meta":[],"product_brand":[],"product_cat":[287,796,27],"product_tag":[],"class_list":{"0":"post-77974","1":"product","2":"type-product","3":"status-publish","4":"has-post-thumbnail","6":"product_cat-may-lanh-xiaomi","7":"product_cat-may-lanh-xiaomi-thiet-bi-moi-truong-xiaomi","8":"product_cat-chua-phan-loai","10":"first","11":"instock","12":"sale","13":"shipping-taxable","14":"purchasable","15":"product-type-simple"},"_links":{"self":[{"href":"https:\/\/tivixiaomi.co\/en\/wp-json\/wp\/v2\/product\/77974"}],"collection":[{"href":"https:\/\/tivixiaomi.co\/en\/wp-json\/wp\/v2\/product"}],"about":[{"href":"https:\/\/tivixiaomi.co\/en\/wp-json\/wp\/v2\/types\/product"}],"replies":[{"embeddable":true,"href":"https:\/\/tivixiaomi.co\/en\/wp-json\/wp\/v2\/comments?post=77974"}],"version-history":[{"count":3,"href":"https:\/\/tivixiaomi.co\/en\/wp-json\/wp\/v2\/product\/77974\/revisions"}],"predecessor-version":[{"id":77981,"href":"https:\/\/tivixiaomi.co\/en\/wp-json\/wp\/v2\/product\/77974\/revisions\/77981"}],"wp:featuredmedia":[{"embeddable":true,"href":"https:\/\/tivixiaomi.co\/en\/wp-json\/wp\/v2\/media\/77975"}],"wp:attachment":[{"href":"https:\/\/tivixiaomi.co\/en\/wp-json\/wp\/v2\/media?parent=77974"}],"wp:term":[{"taxonomy":"product_brand","embeddable":true,"href":"https:\/\/tivixiaomi.co\/en\/wp-json\/wp\/v2\/product_brand?post=77974"},{"taxonomy":"product_cat","embeddable":true,"href":"https:\/\/tivixiaomi.co\/en\/wp-json\/wp\/v2\/product_cat?post=77974"},{"taxonomy":"product_tag","embeddable":true,"href":"https:\/\/tivixiaomi.co\/en\/wp-json\/wp\/v2\/product_tag?post=77974"}],"curies":[{"name":"wp","href":"https:\/\/api.w.org\/{rel}","templated":true}]}}